{"id":10292,"date":"2025-04-03T13:07:04","date_gmt":"2025-04-03T13:07:04","guid":{"rendered":"https:\/\/buk-borek.brightdove.co.uk\/?page_id=10292"},"modified":"2025-11-06T13:52:21","modified_gmt":"2025-11-06T13:52:21","slug":"buchen-brennholz","status":"publish","type":"page","link":"https:\/\/buk-borek.pl\/de\/buchen-brennholz\/","title":{"rendered":"Beech firewood"},"content":{"rendered":"<div class=\"wpb-content-wrapper\"><p>[vc_row css=&#8220;.vc_custom_1497347181319{padding-bottom: 40px !important;}&#8220;][vc_column]<div class=\"ult-animation  ult-animate-viewport  ult-no-mobile \" data-animate=\"fadeInDown\" data-animation-delay=\"0\" data-animation-duration=\"2\" data-animation-iteration=\"1\" style=\"opacity:0;\" data-opacity_start_effect=\"\"><div class='dt-sc-title with-right-border-decor aligncenter with-separator'><h2>Buchenbrennstoff<\/h2><p>Umweltfreundliche und effiziente W\u00e4rmequelle aus Buchenholz<\/p><\/div><div class=\"ult-spacer spacer-6a073b2b43f6f\" data-id=\"6a073b2b43f6f\" data-height=\"24\" data-height-mobile=\"24\" data-height-tab=\"24\" data-height-tab-portrait=\"\" data-height-mobile-landscape=\"\" style=\"clear:both;display:block;\"><\/div>[vc_column_text css=&#8220;&#8220;]Buchenholz ist eine der wertvollsten Brennholzarten \u2013 es zeichnet sich durch einen hohen Heizwert, gleichm\u00e4\u00dfiges Brennverhalten und minimale Ascher\u00fcckst\u00e4nde aus.<br \/>\nIm <strong>Buk-Borek<\/strong> Holzverarbeitungsbetrieb bieten wir mehrere Arten von Brennholz an, die auf die unterschiedlichen Bed\u00fcrfnisse unserer Kunden abgestimmt sind.[\/vc_column_text]<\/div>[\/vc_column][vc_column width=&#8220;10\/12&#8243;]<div class=\"ult-animation  ult-animate-viewport  ult-no-mobile \" data-animate=\"none\" data-animation-delay=\"0\" data-animation-duration=\"3\" data-animation-iteration=\"1\" style=\"opacity:0;\" data-opacity_start_effect=\"\">[vc_row_inner equal_height=&#8220;yes&#8220;][vc_column_inner width=&#8220;1\/2&#8243;][vc_column_text css=&#8220;&#8220;]<strong>Buchen-Holzsp\u00e4ne<\/strong> \u2013 eine umweltfreundliche und effiziente Alternative zu Pellets.<br \/>\n[\/vc_column_text][vc_column_text css=&#8220;.vc_custom_1762436875539{margin-bottom: 0px !important;}&#8220;]Unsere Holzsp\u00e4ne sind ein Biomasse-Brennstoff, der w\u00e4hrend des Produktionsprozesses entsteht. Sie werden gr\u00fcndlich getrocknet (Feuchtigkeitsgehalt 12\u201315 %) und sind sofort einsatzbereit f\u00fcr industrielle Feuerungsanlagen und Biomasse-Heizsysteme. <strong>Heizwert: ca. 16.500 kJ\/kg<\/strong>[\/vc_column_text][\/vc_column_inner][vc_column_inner width=&#8220;1\/2&#8243;][vc_single_image image=&#8220;10346&#8243; img_size=&#8220;large&#8220; alignment=&#8220;center&#8220; css=&#8220;&#8220;][\/vc_column_inner][\/vc_row_inner][vc_row_inner equal_height=&#8220;yes&#8220;][vc_column_inner width=&#8220;1\/2&#8243;][vc_column_text css=&#8220;&#8220;]<strong>Brennholz<\/strong> \u2013 perfekt f\u00fcr Kamine, \u00d6fen und Zentralheizkessel.<br \/>\n[\/vc_column_text][vc_column_text css=&#8220;&#8220;]Hartholz brennt gleichm\u00e4\u00dfig und erzeugt nur wenig Rauch, wodurch der Kamin sauber bleibt.<\/p>\n<p>Wir bieten Buchenholz in Scheitform (2,5 m\u00b3) an \u2013 ideal zum Heizen in Kaminen, traditionellen \u00d6fen und modernen Zentralheizkesseln. Das Holz sollte vor der Verwendung in k\u00fcrzere St\u00fccke geschnitten werden.<\/p>\n<ul>\n<li>Standard-Scheitl\u00e4nge<\/li>\n<li>Transport innerhalb der Region m\u00f6glich<\/li>\n<li>Nat\u00fcrlicher Duft und angenehme W\u00e4rme<\/li>\n<\/ul>\n<p>[\/vc_column_text][\/vc_column_inner][vc_column_inner width=&#8220;1\/2&#8243;][vc_single_image image=&#8220;10273&#8243; img_size=&#8220;large&#8220; alignment=&#8220;center&#8220; css=&#8220;&#8220;][\/vc_column_inner][\/vc_row_inner][vc_row_inner equal_height=&#8220;yes&#8220;][vc_column_inner width=&#8220;1\/2&#8243;][vc_column_text css=&#8220;&#8220;]<strong>Buchen-Brennbl\u00f6cke<\/strong> \u2013 hervorragendes Anz\u00fcndmaterial aus der Friesenproduktion.[\/vc_column_text][vc_column_text css=&#8220;&#8220;]Brennbl\u00f6cke sind Restst\u00fccke, die bei der Herstellung von Buchenfriesen anfallen. Wir empfehlen sie als hervorragendes Anz\u00fcndmaterial f\u00fcr Grills, \u00d6fen, Kamine und Zentralheizkessel. Das Holz ist trocken und muss nicht weiter zugeschnitten werden.[\/vc_column_text][\/vc_column_inner][vc_column_inner width=&#8220;1\/2&#8243;][vc_single_image image=&#8220;10277&#8243; img_size=&#8220;full&#8220; alignment=&#8220;center&#8220; css=&#8220;&#8220;][\/vc_column_inner][\/vc_row_inner]<\/div>[\/vc_column][vc_column width=&#8220;2\/12&#8243;][\/vc_column][vc_column]<div class=\"ult-spacer spacer-6a073b2b43fd6\" data-id=\"6a073b2b43fd6\" data-height=\"10\" data-height-mobile=\"10\" data-height-tab=\"10\" data-height-tab-portrait=\"\" data-height-mobile-landscape=\"\" style=\"clear:both;display:block;\"><\/div>[\/vc_column][\/vc_row][vc_row][vc_column]<div class=\"ult-animation  ult-animate-viewport  ult-no-mobile \" data-animate=\"fadeInLeft\" data-animation-delay=\"0\" data-animation-duration=\"2\" data-animation-iteration=\"1\" style=\"opacity:0;\" data-opacity_start_effect=\"\">[vc_column_text css=&#8220;&#8220;]<\/p>\n<h3>Zuverl\u00e4ssige und umweltfreundliche W\u00e4rme \u2013 Buchenholz f\u00fcr Kamine und Heizsysteme<\/h3>\n<p>Der Holzverarbeitungsbetrieb Buk-Borek ist ein erfahrener Hersteller von Buchenbrennholz und bietet hochwertiges Holz f\u00fcr Kamine, Holzsp\u00e4ne und Brennbl\u00f6cke an.<br \/>\nUnser Sortiment stellt eine zuverl\u00e4ssige L\u00f6sung dar \u2013 sowohl f\u00fcr Privathaushalte als auch f\u00fcr Unternehmen, die effiziente und umweltfreundliche W\u00e4rmequellen suchen.<\/p>\n<p>Wir bieten Buchenbrennholz auf Bestellung an, individuell auf die Bed\u00fcrfnisse jedes Kunden zugeschnitten \u2013 in verschiedenen Formaten und zu wettbewerbsf\u00e4higen Preisen.<\/p>\n<p>Unser Angebot umfasst:<\/p>\n<ul>\n<li>Buchen-Holzsp\u00e4ne \u2013 eine Alternative zu Pellets, einsatzbereit f\u00fcr Biomasse-Heizkessel<\/li>\n<li>Buchen-Scheite \u2013 geeignet f\u00fcr Kamine, \u00d6fen und Zentralheizungsanlagen<\/li>\n<li>Buchen-Brennbl\u00f6cke aus nachbearbeitetem Material \u2013 ideales, praktisches Anz\u00fcndholz<\/li>\n<\/ul>\n<h3>Hauptvorteile des Buk-Borek-Buchenbrennholzes:<\/h3>\n<ul>\n<li><strong>Hoher Heizwert<\/strong> \u2013 unsere Produkte gew\u00e4hrleisten intensives und gleichm\u00e4\u00dfiges Brennen und heizen jeden Raum effektiv<\/li>\n<li><strong>Geringe Rauch- und Ascheemission<\/strong> \u2013 Buchenholz und Holzsp\u00e4ne verbrennen sauber und hinterlassen nur minimale Ascher\u00fcckst\u00e4nde<\/li>\n<li><strong>Vielfalt an Formaten<\/strong> \u2013 wir bieten Scheite, gebrauchsfertige Holzsp\u00e4ne und praktische, trockene Brennbl\u00f6cke an \u2013 leicht zu lagern und zu transportieren<\/li>\n<li><strong>Konstante Qualit\u00e4t und verl\u00e4sslicher Rohstoff<\/strong> \u2013 unser Brennstoff besteht aus trockenem, gut vorbereitetem Holz, das sowohl f\u00fcr den privaten als auch den industriellen Einsatz geeignet ist<\/li>\n<\/ul>\n<h3>Anwendungsbereiche \u2013 Buchenholz, Holzsp\u00e4ne und Brennbl\u00f6cke<\/h3>\n<p>Unsere Produkte werden in einer Vielzahl von Heizsystemen eingesetzt:<\/p>\n<ul>\n<li><strong>Hausheizung<\/strong> \u2013 Buchen-Scheite eignen sich ideal f\u00fcr Kamine, traditionelle \u00d6fen und moderne Zentralheizungen<\/li>\n<li><strong>Gewerbliche Heizung<\/strong> \u2013 Buchen-Holzsp\u00e4ne sind ein effizientes Biobrennmaterial f\u00fcr Industrie\u00f6fen und Biomassekessel (Feuchtigkeitsgehalt 12\u201315 %)<\/li>\n<li><strong>Anz\u00fcndholz<\/strong> \u2013 Buchen-Brennbl\u00f6cke sind ein sauberes, gebrauchsfertiges Material, das ohne Zuschnitt verwendet werden kann \u2013 hergestellt aus Produktionsresten<\/li>\n<\/ul>\n<h3>Buchenbrennholz bestellen \u2013 Verf\u00fcgbarkeit und aktuelle Preise pr\u00fcfen<\/h3>\n<p>[\/vc_column_text]<\/div>[\/vc_column][\/vc_row][vc_row][vc_column width=&#8220;1\/4&#8243;]<div class=\"ult-animation  ult-animate-viewport  ult-no-mobile \" data-animate=\"fadeInDown\" data-animation-delay=\"0\" data-animation-duration=\"3\" data-animation-iteration=\"1\" style=\"opacity:0;\" data-opacity_start_effect=\"\">[vc_column_text css=&#8220;&#8220;]<\/p>\n<h3>Transport<\/h3>\n<p>Wir bieten auf Wunsch des Kunden die Lieferung von Brennholz an.<br \/>\nKontaktieren Sie uns, um die Lieferdetails zu vereinbaren.[\/vc_column_text]<\/div>[\/vc_column][vc_column width=&#8220;3\/4&#8243;]<div class=\"ult-animation  ult-animate-viewport  ult-no-mobile \" data-animate=\"fadeInDown\" data-animation-delay=\"0\" data-animation-duration=\"2\" data-animation-iteration=\"1\" style=\"opacity:0;\" data-opacity_start_effect=\"\">\n<div class=\"wpcf7 no-js\" id=\"wpcf7-f8442-o1\" lang=\"en-US\" dir=\"ltr\" data-wpcf7-id=\"8442\">\n<div class=\"screen-reader-response\"><p role=\"status\" aria-live=\"polite\" aria-atomic=\"true\"><\/p> <ul><\/ul><\/div>\n<form action=\"\/de\/wp-json\/wp\/v2\/pages\/10292#wpcf7-f8442-o1\" method=\"post\" class=\"wpcf7-form init\" aria-label=\"Contact form\" novalidate=\"novalidate\" data-status=\"init\">\n<fieldset class=\"hidden-fields-container\"><input type=\"hidden\" name=\"_wpcf7\" value=\"8442\" \/><input type=\"hidden\" name=\"_wpcf7_version\" value=\"6.1\" \/><input type=\"hidden\" name=\"_wpcf7_locale\" value=\"en_US\" \/><input type=\"hidden\" name=\"_wpcf7_unit_tag\" value=\"wpcf7-f8442-o1\" \/><input type=\"hidden\" name=\"_wpcf7_container_post\" value=\"0\" \/><input type=\"hidden\" name=\"_wpcf7_posted_data_hash\" value=\"\" \/>\n<\/fieldset>\n<p>[vc_row]<br \/>\n[vc_column width=\"1\/1\"]<br \/>\n<span class=\"wpcf7-form-control-wrap\" data-name=\"first-name\"><input size=\"40\" maxlength=\"400\" class=\"wpcf7-form-control wpcf7-text wpcf7-validates-as-required\" aria-required=\"true\" aria-invalid=\"false\" placeholder=\"Vollst\u00e4ndiger Name*\" value=\"\" type=\"text\" name=\"first-name\" \/><\/span><br \/>\n[\/vc_column]<br \/>\n[\/vc_row]\n<\/p>\n<p>[vc_row]<br \/>\n[vc_column width=\"1\/1\"]<br \/>\n<span class=\"wpcf7-form-control-wrap\" data-name=\"your-email\"><input size=\"40\" maxlength=\"400\" class=\"wpcf7-form-control wpcf7-email wpcf7-validates-as-required wpcf7-text wpcf7-validates-as-email\" aria-required=\"true\" aria-invalid=\"false\" placeholder=\"E-Mail-Adresse*\" value=\"\" type=\"email\" name=\"your-email\" \/><\/span><br \/>\n[\/vc_column]<br \/>\n[\/vc_row]\n<\/p>\n<p>[vc_row]<br \/>\n[vc_column width=\"1\/1\"]<br \/>\n<span class=\"wpcf7-form-control-wrap\" data-name=\"your-phone\"><input size=\"40\" maxlength=\"400\" class=\"wpcf7-form-control wpcf7-tel wpcf7-text wpcf7-validates-as-tel\" aria-invalid=\"false\" placeholder=\"Telefonnummer\" value=\"\" type=\"tel\" name=\"your-phone\" \/><\/span><br \/>\n[\/vc_column]<br \/>\n[\/vc_row]\n<\/p>\n<p>[vc_row]<br \/>\n[vc_column width=\"1\/1\"]<br \/>\n<span class=\"wpcf7-form-control-wrap\" data-name=\"subject\"><input size=\"40\" maxlength=\"400\" class=\"wpcf7-form-control wpcf7-text\" aria-invalid=\"false\" placeholder=\"Betreff\" value=\"\" type=\"text\" name=\"subject\" \/><\/span><br \/>\n[\/vc_column]<br \/>\n[\/vc_row]\n<\/p>\n<p>[vc_row]<br \/>\n[vc_column width=\"1\/1\"]<br \/>\n<span class=\"wpcf7-form-control-wrap\" data-name=\"your-message\"><textarea cols=\"40\" rows=\"10\" maxlength=\"2000\" class=\"wpcf7-form-control wpcf7-textarea\" aria-invalid=\"false\" placeholder=\"Nachricht\" name=\"your-message\"><\/textarea><\/span><br \/>\n<div class=\"wpcf7-turnstile cf-turnstile\" data-sitekey=\"0x4AAAAAACJm0XbawoYDzUFu\" data-response-field-name=\"_wpcf7_turnstile_response\"><\/div><br \/>\n[\/vc_column]<br \/>\n[\/vc_row]\n<\/p>\n<p>[vc_row]<br \/>\n[vc_column width=\"1\/1\"]<br \/>\n[vc_empty_space height=\"20px\"]<br \/>\n<input class=\"wpcf7-form-control wpcf7-submit has-spinner\" type=\"submit\" value=\"Senden\" \/><br \/>\n[\/vc_column]<br \/>\n[\/vc_row]\n<\/p><div class=\"wpcf7-response-output\" aria-hidden=\"true\"><\/div>\n<\/form>\n<\/div>\n<\/div>[\/vc_column][\/vc_row]<\/p>\n<\/div>","protected":false},"excerpt":{"rendered":"<p>[vc_row css=&#8220;.vc_custom_1497347181319{padding-bottom: 40px !important;}&#8220;][vc_column][\/vc_column][vc_column width=&#8220;10\/12&#8243;][\/vc_column][vc_column width=&#8220;2\/12&#8243;][\/vc_column][vc_column][\/vc_column][\/vc_row][vc_row][vc_column][\/vc_column][\/vc_row][vc_row][vc_column width=&#8220;1\/4&#8243;][\/vc_column][vc_column width=&#8220;3\/4&#8243;][\/vc_column][\/vc_row]<\/p>\n","protected":false},"author":1,"featured_media":0,"parent":0,"menu_order":0,"comment_status":"closed","ping_status":"closed","template":"","meta":{"footnotes":""},"class_list":["post-10292","page","type-page","status-publish","hentry"],"_links":{"self":[{"href":"https:\/\/buk-borek.pl\/de\/wp-json\/wp\/v2\/pages\/10292","targetHints":{"allow":["GET"]}}],"collection":[{"href":"https:\/\/buk-borek.pl\/de\/wp-json\/wp\/v2\/pages"}],"about":[{"href":"https:\/\/buk-borek.pl\/de\/wp-json\/wp\/v2\/types\/page"}],"author":[{"embeddable":true,"href":"https:\/\/buk-borek.pl\/de\/wp-json\/wp\/v2\/users\/1"}],"replies":[{"embeddable":true,"href":"https:\/\/buk-borek.pl\/de\/wp-json\/wp\/v2\/comments?post=10292"}],"version-history":[{"count":52,"href":"https:\/\/buk-borek.pl\/de\/wp-json\/wp\/v2\/pages\/10292\/revisions"}],"predecessor-version":[{"id":11109,"href":"https:\/\/buk-borek.pl\/de\/wp-json\/wp\/v2\/pages\/10292\/revisions\/11109"}],"wp:attachment":[{"href":"https:\/\/buk-borek.pl\/de\/wp-json\/wp\/v2\/media?parent=10292"}],"curies":[{"name":"wp","href":"https:\/\/api.w.org\/{rel}","templated":true}]}}