{"id":10305,"date":"2025-07-30T11:21:46","date_gmt":"2025-07-30T11:21:46","guid":{"rendered":"https:\/\/buk-borek.brightdove.co.uk\/?page_id=10305"},"modified":"2025-12-29T14:02:06","modified_gmt":"2025-12-29T14:02:06","slug":"buchen-kantholz","status":"publish","type":"page","link":"https:\/\/buk-borek.pl\/de\/buchen-kantholz\/","title":{"rendered":"Beech Square Timber"},"content":{"rendered":"<div class=\"wpb-content-wrapper\"><p>[vc_row css=&#8220;.vc_custom_1497347181319{padding-bottom: 40px !important;}&#8220;][vc_column]<div class=\"ult-spacer spacer-6a073b276a48a\" data-id=\"6a073b276a48a\" data-height=\"10\" data-height-mobile=\"10\" data-height-tab=\"10\" data-height-tab-portrait=\"\" data-height-mobile-landscape=\"\" style=\"clear:both;display:block;\"><\/div><div class=\"ult-animation  ult-animate-viewport  ult-no-mobile \" data-animate=\"fadeInDown\" data-animation-delay=\"0\" data-animation-duration=\"2\" data-animation-iteration=\"1\" style=\"opacity:0;\" data-opacity_start_effect=\"\"><div class='dt-sc-title with-right-border-decor aligncenter with-separator'><h2>Buchen-Kantholz direkt vom Hersteller<\/h2><p>Pr\u00e4zise Bearbeitung und Vakuumtrocknung<\/p><\/div><\/div>[\/vc_column][vc_column]<div class=\"ult-spacer spacer-6a073b276a562\" data-id=\"6a073b276a562\" data-height=\"50\" data-height-mobile=\"50\" data-height-tab=\"50\" data-height-tab-portrait=\"\" data-height-mobile-landscape=\"\" style=\"clear:both;display:block;\"><\/div>[\/vc_column][\/vc_row][vc_row][vc_column]<div class=\"ult-animation  ult-animate-viewport  ult-no-mobile \" data-animate=\"fadeInLeft\" data-animation-delay=\"0\" data-animation-duration=\"2\" data-animation-iteration=\"1\" style=\"opacity:0;\" data-opacity_start_effect=\"\"><h4>Hochwertiges Buchen-Kantholz f\u00fcr die M\u00f6belindustrie<\/h4><\/div>[\/vc_column][vc_column width=&#8220;1\/2&#8243;]<div class=\"ult-animation  ult-animate-viewport  ult-no-mobile \" data-animate=\"fadeInLeft\" data-animation-delay=\"0\" data-animation-duration=\"2\" data-animation-iteration=\"1\" style=\"opacity:0;\" data-opacity_start_effect=\"\">[vc_column_text css=&#8220;&#8220;]Der Holzverarbeitungsbetrieb Buk-Borek ist ein erfahrener Hersteller von Buchen-Kantholz und seit 1996 ununterbrochen t\u00e4tig. Wir bieten hochwertiges Buchenholz an, das sich hervorragend f\u00fcr die Produktion von M\u00f6beln, Tischlereierzeugnissen und Konstruktionselementen eignet.<br \/>\nUnser Kantholz zeichnet sich durch hohe Festigkeit, Formstabilit\u00e4t und einen optimalen Feuchtigkeitsgehalt aus. Je nach Auftragsart verwenden wir sowohl traditionelle Kammertrocknung als auch moderne Vakuumtrocknung, um die Holzparameter an spezifische technische Anforderungen anzupassen.<br \/>\nWir f\u00fchren Sonderanfertigungen nach Kundenwunsch aus \u2013 mit unterschiedlichen Querschnitten, L\u00e4ngen und Oberfl\u00e4chenbearbeitungen. Die bestellten Produkte k\u00f6nnen vierseitig gehobelt, geschliffen, auf Ma\u00df geschnitten und f\u00fcr die Weiterverarbeitung wie Drehen, Fr\u00e4sen oder Bohren vorbereitet werden.[\/vc_column_text]<\/div>[\/vc_column][vc_column width=&#8220;1\/2&#8243;]<div class=\"ult-animation  ult-animate-viewport  ult-no-mobile \" data-animate=\"fadeInRight\" data-animation-delay=\"0\" data-animation-duration=\"2.1\" data-animation-iteration=\"1\" style=\"opacity:0;\" data-opacity_start_effect=\"\">[vc_images_carousel images=&#8220;10362,10338,10340&#8243; img_size=&#8220;full&#8220; speed=&#8220;3000&#8243; autoplay=&#8220;yes&#8220; wrap=&#8220;yes&#8220; css=&#8220;&#8220;]<\/div>[\/vc_column][vc_column]<div class=\"ult-animation  ult-animate-viewport  ult-no-mobile \" data-animate=\"fadeInLeft\" data-animation-delay=\"0\" data-animation-duration=\"2\" data-animation-iteration=\"1\" style=\"opacity:0;\" data-opacity_start_effect=\"\">[vc_column_text css=&#8220;&#8220;]<\/p>\n<h4>Warum unser Buchen-Kantholz w\u00e4hlen?<\/h4>\n<ul>\n<li><strong>Pr\u00e4zise Bearbeitung<\/strong> \u2013 vierseitiges Hobeln, Schleifen und Zuschnitt nach den vom Kunden angegebenen Ma\u00dfen<\/li>\n<li><strong>Kammer- oder Vakuumtrocknung<\/strong> \u2013 je nach Verwendungszweck und technischen Anforderungen<\/li>\n<li><strong>Holzd\u00e4mpfung<\/strong> \u2013 eine zus\u00e4tzliche hydrothermische Behandlung, die die Plastizit\u00e4t des Holzes erh\u00f6ht und seine Eigenschaften verbessert<\/li>\n<li><strong>Hochwertiges Buchenholz<\/strong> \u2013 sorgf\u00e4ltig ausgew\u00e4hlter Rohstoff, geeignet f\u00fcr den professionellen Einsatz<\/li>\n<li><strong>Fertigung mit hoher Flexibilit\u00e4t<\/strong> \u2013 M\u00f6glichkeit der Herstellung von Kantholz in Sonderformen und -abmessungen<\/li>\n<\/ul>\n<p>[\/vc_column_text]<\/div>[\/vc_column][vc_column width=&#8220;1\/2&#8243;]<div class=\"ult-animation  ult-animate-viewport  ult-no-mobile \" data-animate=\"fadeInLeft\" data-animation-delay=\"0\" data-animation-duration=\"2\" data-animation-iteration=\"1\" style=\"opacity:0;\" data-opacity_start_effect=\"\">[vc_column_text css=&#8220;&#8220;]    <video-js id=\"videojs6a073b276a686\" class=\"vjs-big-play-centered\" controls preload=\"auto\" loop muted playsinline data-setup='{\"fluid\": true}'>\r\n        <source src=\"https:\/\/buk-borek.pl\/wp-content\/uploads\/2025\/10\/VID-20251002-WA0000.mp4\" type=\"video\/mp4\" \/>\r\n    <\/video-js>\r\n           [\/vc_column_text]<\/div>[\/vc_column][vc_column width=&#8220;1\/2&#8243;]<div class=\"ult-animation  ult-animate-viewport  ult-no-mobile \" data-animate=\"fadeInLeft\" data-animation-delay=\"0\" data-animation-duration=\"2\" data-animation-iteration=\"1\" style=\"opacity:0;\" data-opacity_start_effect=\"\">[vc_column_text css=&#8220;&#8220;]<\/p>\n<h4>Anwendungsbereiche von Buchen-Kantholz:<\/h4>\n<p>Unser Buchen-Kantholz von Buk-Borek wird verwendet f\u00fcr:<\/p>\n<ul>\n<li><strong>M\u00f6bel<\/strong> \u2013 Tische, St\u00fchle, Betten, Schr\u00e4nke usw.<\/li>\n<li><strong>Gedrehte und gefr\u00e4ste Elemente<\/strong><\/li>\n<li><strong>Treppen und Konstruktionselemente<\/strong><\/li>\n<li><strong>Handgefertigte Produkte und Innenausbau<\/strong><\/li>\n<\/ul>\n<p>[\/vc_column_text]<\/div>[\/vc_column][\/vc_row][vc_row][vc_column][vc_column_text css=&#8220;&#8220;]<\/p>\n<h4>Bestellen Sie Buchen-Kantholz bei Buk-Borek!<\/h4>\n<p>W\u00e4hlen Sie einen zuverl\u00e4ssigen Partner und entscheiden Sie sich f\u00fcr unser Buchen-Kantholz, das selbst die Anforderungen anspruchsvollster Projekte erf\u00fcllt.<br \/>\nDer Holzverarbeitungsbetrieb Buk-Borek garantiert Qualit\u00e4t, Termintreue und eine individuelle Betreuung jedes Kunden.<br \/>\n[\/vc_column_text][\/vc_column][\/vc_row][vc_row][vc_column width=&#8220;1\/3&#8243;][vc_raw_html css=&#8220;&#8220;]JTNDZGl2JTIwY2xhc3MlM0QlMjJjb250YWN0LWRldGFpbHMlMjIlM0UlMEQlMEElMjAlMjAlM0NoMyUzRUJ1ay1Cb3JlayUyMEhvbHp2ZXJhcmJlaXR1bmdzYmV0cmllYiUzQyUyRmgzJTNFJTBEJTBBJTIwJTIwJTNDcCUzRVByemVteXMlQzUlODJvd2ElMjAyJTNDYnIlM0UlMEQlMEElMjAlMjAzNC00NDAlMjBLbHVzemtvd2NlJTNDJTJGcCUzRSUwRCUwQSUwRCUwQSUyMCUyMCUzQ3AlM0UlMEQlMEElMjAlMjAlMjAlMjAlM0NpJTIwY2xhc3MlM0QlMjJmYXMlMjBmYS1waG9uZSUyMiUzRSUzQyUyRmklM0UlMEQlMEElMjAlMjAlMjAlMjAlM0NhJTIwaHJlZiUzRCUyMnRlbCUzQSUyQjQ4MTgyNjQxMzQ3JTIyJTNFJTJCNDglMjAxOCUyMDI2NCUyMDEzJTIwNDclM0MlMkZhJTNFJTNDYnIlM0UlMEQlMEElMjAlMjAlMjAlMjAlM0NpJTIwY2xhc3MlM0QlMjJmYXMlMjBmYS1lbnZlbG9wZSUyMiUzRSUzQyUyRmklM0UlMEQlMEElMjAlMjAlMjAlMjAlM0NhJTIwaHJlZiUzRCUyMm1haWx0byUzQWJpdXJvJTQwYnVrLWJvcmVrLnBsJTIyJTNFYml1cm8lNDBidWstYm9yZWsucGwlM0MlMkZhJTNFJTBEJTBBJTIwJTIwJTNDJTJGcCUzRSUwRCUwQSUzQ2JyJTNFJTBEJTBBJTIwJTIwJTNDcCUzRSUwRCUwQSUyMCUyMCUyMCUyMCUzQ3N0cm9uZyUzRVRlY2hub2xvZ2UlMjAlRTIlODAlOTMlMjBBYnRlaWx1bmclMjBmJUMzJUJDciUyMEF1ZnRyYWdzYWJ3aWNrbHVuZyUyQyUyMFZlcnRyaWViJTIwdW5kJTIwdGVjaG5pc2NoZSUyMEJlcmF0dW5nJTNBJTNDJTJGc3Ryb25nJTNFJTNDYnIlM0UlMEQlMEElMjAlMjAlMjAlMjBBbmRyemVqJTIwS2xpbWN6YWslM0NiciUzRSUwRCUwQSUyMCUyMCUyMCUyMCUzQ2klMjBjbGFzcyUzRCUyMmZhcyUyMGZhLXBob25lJTIyJTNFJTNDJTJGaSUzRSUwRCUwQSUyMCUyMCUyMCUyMCUzQ2ElMjBocmVmJTNEJTIydGVsJTNBJTJCNDg1MTM3MzExMDclMjIlM0UlMkI0OCUyMDUxMyUyMDczMSUyMDEwNyUzQyUyRmElM0UlM0NiciUzRSUwRCUwQSUyMCUyMCUyMCUyMCUzQ2klMjBjbGFzcyUzRCUyMmZhcyUyMGZhLWVudmVsb3BlJTIyJTNFJTNDJTJGaSUzRSUwRCUwQSUyMCUyMCUyMCUyMCUzQ2ElMjBocmVmJTNEJTIybWFpbHRvJTNBYW5kcnplai5rbGltY3phayU0MGJ1ay1ib3Jlay5wbCUyMiUzRWFuZHJ6ZWoua2xpbWN6YWslNDBidWstYm9yZWsucGwlM0MlMkZhJTNFJTBEJTBBJTIwJTIwJTNDJTJGcCUzRSUwRCUwQSUyMCUyMCUzQ2JyJTNFJTIwJTBEJTBBJTNDJTJGZGl2JTNFJTBEJTBB[\/vc_raw_html][\/vc_column][vc_column width=&#8220;2\/3&#8243;]\n<div class=\"wpcf7 no-js\" id=\"wpcf7-f8442-o1\" lang=\"en-US\" dir=\"ltr\" data-wpcf7-id=\"8442\">\n<div class=\"screen-reader-response\"><p role=\"status\" aria-live=\"polite\" aria-atomic=\"true\"><\/p> <ul><\/ul><\/div>\n<form action=\"\/de\/wp-json\/wp\/v2\/pages\/10305#wpcf7-f8442-o1\" method=\"post\" class=\"wpcf7-form init\" aria-label=\"Contact form\" novalidate=\"novalidate\" data-status=\"init\">\n<fieldset class=\"hidden-fields-container\"><input type=\"hidden\" name=\"_wpcf7\" value=\"8442\" \/><input type=\"hidden\" name=\"_wpcf7_version\" value=\"6.1\" \/><input type=\"hidden\" name=\"_wpcf7_locale\" value=\"en_US\" \/><input type=\"hidden\" name=\"_wpcf7_unit_tag\" value=\"wpcf7-f8442-o1\" \/><input type=\"hidden\" name=\"_wpcf7_container_post\" value=\"0\" \/><input type=\"hidden\" name=\"_wpcf7_posted_data_hash\" value=\"\" \/>\n<\/fieldset>\n<p>[vc_row]<br \/>\n[vc_column width=\"1\/1\"]<br \/>\n<span class=\"wpcf7-form-control-wrap\" data-name=\"first-name\"><input size=\"40\" maxlength=\"400\" class=\"wpcf7-form-control wpcf7-text wpcf7-validates-as-required\" aria-required=\"true\" aria-invalid=\"false\" placeholder=\"Vollst\u00e4ndiger Name*\" value=\"\" type=\"text\" name=\"first-name\" \/><\/span><br \/>\n[\/vc_column]<br \/>\n[\/vc_row]\n<\/p>\n<p>[vc_row]<br \/>\n[vc_column width=\"1\/1\"]<br \/>\n<span class=\"wpcf7-form-control-wrap\" data-name=\"your-email\"><input size=\"40\" maxlength=\"400\" class=\"wpcf7-form-control wpcf7-email wpcf7-validates-as-required wpcf7-text wpcf7-validates-as-email\" aria-required=\"true\" aria-invalid=\"false\" placeholder=\"E-Mail-Adresse*\" value=\"\" type=\"email\" name=\"your-email\" \/><\/span><br \/>\n[\/vc_column]<br \/>\n[\/vc_row]\n<\/p>\n<p>[vc_row]<br \/>\n[vc_column width=\"1\/1\"]<br \/>\n<span class=\"wpcf7-form-control-wrap\" data-name=\"your-phone\"><input size=\"40\" maxlength=\"400\" class=\"wpcf7-form-control wpcf7-tel wpcf7-text wpcf7-validates-as-tel\" aria-invalid=\"false\" placeholder=\"Telefonnummer\" value=\"\" type=\"tel\" name=\"your-phone\" \/><\/span><br \/>\n[\/vc_column]<br \/>\n[\/vc_row]\n<\/p>\n<p>[vc_row]<br \/>\n[vc_column width=\"1\/1\"]<br \/>\n<span class=\"wpcf7-form-control-wrap\" data-name=\"subject\"><input size=\"40\" maxlength=\"400\" class=\"wpcf7-form-control wpcf7-text\" aria-invalid=\"false\" placeholder=\"Betreff\" value=\"\" type=\"text\" name=\"subject\" \/><\/span><br \/>\n[\/vc_column]<br \/>\n[\/vc_row]\n<\/p>\n<p>[vc_row]<br \/>\n[vc_column width=\"1\/1\"]<br \/>\n<span class=\"wpcf7-form-control-wrap\" data-name=\"your-message\"><textarea cols=\"40\" rows=\"10\" maxlength=\"2000\" class=\"wpcf7-form-control wpcf7-textarea\" aria-invalid=\"false\" placeholder=\"Nachricht\" name=\"your-message\"><\/textarea><\/span><br \/>\n<div class=\"wpcf7-turnstile cf-turnstile\" data-sitekey=\"0x4AAAAAACJm0XbawoYDzUFu\" data-response-field-name=\"_wpcf7_turnstile_response\"><\/div><br \/>\n[\/vc_column]<br \/>\n[\/vc_row]\n<\/p>\n<p>[vc_row]<br \/>\n[vc_column width=\"1\/1\"]<br \/>\n[vc_empty_space height=\"20px\"]<br \/>\n<input class=\"wpcf7-form-control wpcf7-submit has-spinner\" type=\"submit\" value=\"Senden\" \/><br \/>\n[\/vc_column]<br \/>\n[\/vc_row]\n<\/p><div class=\"wpcf7-response-output\" aria-hidden=\"true\"><\/div>\n<\/form>\n<\/div>\n<div class=\"ult-spacer spacer-6a073b276bcc4\" data-id=\"6a073b276bcc4\" data-height=\"60\" data-height-mobile=\"60\" data-height-tab=\"60\" data-height-tab-portrait=\"\" data-height-mobile-landscape=\"\" style=\"clear:both;display:block;\"><\/div>[\/vc_column][\/vc_row]<\/p>\n<\/div>","protected":false},"excerpt":{"rendered":"<p>[vc_row css=&#8220;.vc_custom_1497347181319{padding-bottom: 40px !important;}&#8220;][vc_column][\/vc_column][vc_column][\/vc_column][\/vc_row][vc_row][vc_column][\/vc_column][vc_column width=&#8220;1\/2&#8243;][\/vc_column][vc_column width=&#8220;1\/2&#8243;][\/vc_column][vc_column][\/vc_column][vc_column width=&#8220;1\/2&#8243;][\/vc_column][vc_column width=&#8220;1\/2&#8243;][\/vc_column][\/vc_row][vc_row][vc_column][vc_column_text css=&#8220;&#8220;] Bestellen Sie Buchen-Kantholz bei Buk-Borek! W\u00e4hlen Sie einen zuverl\u00e4ssigen Partner und entscheiden Sie sich f\u00fcr unser Buchen-Kantholz, das selbst die Anforderungen anspruchsvollster Projekte erf\u00fcllt. Der Holzverarbeitungsbetrieb Buk-Borek garantiert Qualit\u00e4t, Termintreue und eine individuelle Betreuung jedes Kunden. [\/vc_column_text][\/vc_column][\/vc_row][vc_row][vc_column width=&#8220;1\/3&#8243;][vc_raw_html css=&#8220;&#8220;]JTNDZGl2JTIwY2xhc3MlM0QlMjJjb250YWN0LWRldGFpbHMlMjIlM0UlMEQlMEElMjAlMjAlM0NoMyUzRUJ1ay1Cb3JlayUyMEhvbHp2ZXJhcmJlaXR1bmdzYmV0cmllYiUzQyUyRmgzJTNFJTBEJTBBJTIwJTIwJTNDcCUzRVByemVteXMlQzUlODJvd2ElMjAyJTNDYnIlM0UlMEQlMEElMjAlMjAzNC00NDAlMjBLbHVzemtvd2NlJTNDJTJGcCUzRSUwRCUwQSUwRCUwQSUyMCUyMCUzQ3AlM0UlMEQlMEElMjAlMjAlMjAlMjAlM0NpJTIwY2xhc3MlM0QlMjJmYXMlMjBmYS1waG9uZSUyMiUzRSUzQyUyRmklM0UlMEQlMEElMjAlMjAlMjAlMjAlM0NhJTIwaHJlZiUzRCUyMnRlbCUzQSUyQjQ4MTgyNjQxMzQ3JTIyJTNFJTJCNDglMjAxOCUyMDI2NCUyMDEzJTIwNDclM0MlMkZhJTNFJTNDYnIlM0UlMEQlMEElMjAlMjAlMjAlMjAlM0NpJTIwY2xhc3MlM0QlMjJmYXMlMjBmYS1lbnZlbG9wZSUyMiUzRSUzQyUyRmklM0UlMEQlMEElMjAlMjAlMjAlMjAlM0NhJTIwaHJlZiUzRCUyMm1haWx0byUzQWJpdXJvJTQwYnVrLWJvcmVrLnBsJTIyJTNFYml1cm8lNDBidWstYm9yZWsucGwlM0MlMkZhJTNFJTBEJTBBJTIwJTIwJTNDJTJGcCUzRSUwRCUwQSUzQ2JyJTNFJTBEJTBBJTIwJTIwJTNDcCUzRSUwRCUwQSUyMCUyMCUyMCUyMCUzQ3N0cm9uZyUzRVRlY2hub2xvZ2UlMjAlRTIlODAlOTMlMjBBYnRlaWx1bmclMjBmJUMzJUJDciUyMEF1ZnRyYWdzYWJ3aWNrbHVuZyUyQyUyMFZlcnRyaWViJTIwdW5kJTIwdGVjaG5pc2NoZSUyMEJlcmF0dW5nJTNBJTNDJTJGc3Ryb25nJTNFJTNDYnIlM0UlMEQlMEElMjAlMjAlMjAlMjBBbmRyemVqJTIwS2xpbWN6YWslM0NiciUzRSUwRCUwQSUyMCUyMCUyMCUyMCUzQ2klMjBjbGFzcyUzRCUyMmZhcyUyMGZhLXBob25lJTIyJTNFJTNDJTJGaSUzRSUwRCUwQSUyMCUyMCUyMCUyMCUzQ2ElMjBocmVmJTNEJTIydGVsJTNBJTJCNDg1MTM3MzExMDclMjIlM0UlMkI0OCUyMDUxMyUyMDczMSUyMDEwNyUzQyUyRmElM0UlM0NiciUzRSUwRCUwQSUyMCUyMCUyMCUyMCUzQ2klMjBjbGFzcyUzRCUyMmZhcyUyMGZhLWVudmVsb3BlJTIyJTNFJTNDJTJGaSUzRSUwRCUwQSUyMCUyMCUyMCUyMCUzQ2ElMjBocmVmJTNEJTIybWFpbHRvJTNBYW5kcnplai5rbGltY3phayU0MGJ1ay1ib3Jlay5wbCUyMiUzRWFuZHJ6ZWoua2xpbWN6YWslNDBidWstYm9yZWsucGwlM0MlMkZhJTNFJTBEJTBBJTIwJTIwJTNDJTJGcCUzRSUwRCUwQSUyMCUyMCUzQ2JyJTNFJTIwJTBEJTBBJTNDJTJGZGl2JTNFJTBEJTBB[\/vc_raw_html][\/vc_column][vc_column width=&#8220;2\/3&#8243;][\/vc_column][\/vc_row]<\/p>\n","protected":false},"author":1,"featured_media":0,"parent":0,"menu_order":0,"comment_status":"closed","ping_status":"closed","template":"","meta":{"footnotes":""},"class_list":["post-10305","page","type-page","status-publish","hentry"],"_links":{"self":[{"href":"https:\/\/buk-borek.pl\/de\/wp-json\/wp\/v2\/pages\/10305","targetHints":{"allow":["GET"]}}],"collection":[{"href":"https:\/\/buk-borek.pl\/de\/wp-json\/wp\/v2\/pages"}],"about":[{"href":"https:\/\/buk-borek.pl\/de\/wp-json\/wp\/v2\/types\/page"}],"author":[{"embeddable":true,"href":"https:\/\/buk-borek.pl\/de\/wp-json\/wp\/v2\/users\/1"}],"replies":[{"embeddable":true,"href":"https:\/\/buk-borek.pl\/de\/wp-json\/wp\/v2\/comments?post=10305"}],"version-history":[{"count":34,"href":"https:\/\/buk-borek.pl\/de\/wp-json\/wp\/v2\/pages\/10305\/revisions"}],"predecessor-version":[{"id":11118,"href":"https:\/\/buk-borek.pl\/de\/wp-json\/wp\/v2\/pages\/10305\/revisions\/11118"}],"wp:attachment":[{"href":"https:\/\/buk-borek.pl\/de\/wp-json\/wp\/v2\/media?parent=10305"}],"curies":[{"name":"wp","href":"https:\/\/api.w.org\/{rel}","templated":true}]}}