{"id":10307,"date":"2025-07-30T11:22:40","date_gmt":"2025-07-30T11:22:40","guid":{"rendered":"https:\/\/buk-borek.brightdove.co.uk\/?page_id=10307"},"modified":"2025-11-06T13:44:24","modified_gmt":"2025-11-06T13:44:24","slug":"premium-buchenfriese","status":"publish","type":"page","link":"https:\/\/buk-borek.pl\/de\/premium-buchenfriese\/","title":{"rendered":"Premium Beech Friezes from the Manufacturer \u2013 Elegance and Durability for Your Project"},"content":{"rendered":"<div class=\"wpb-content-wrapper\"><p>[vc_row css=&#8220;.vc_custom_1497347181319{padding-bottom: 40px !important;}&#8220;][vc_column]<div class=\"ult-spacer spacer-6a073adf38e40\" data-id=\"6a073adf38e40\" data-height=\"10\" data-height-mobile=\"10\" data-height-tab=\"10\" data-height-tab-portrait=\"\" data-height-mobile-landscape=\"\" style=\"clear:both;display:block;\"><\/div><div class=\"ult-animation  ult-no-mobile \" data-animate=\"fadeInDown\" data-animation-delay=\"0\" data-animation-duration=\"2\" data-animation-iteration=\"1\" style=\"\" ><div class='dt-sc-title with-right-border-decor aligncenter with-separator'><h2>Premium-Buchenfriese direkt vom Hersteller<\/h2><p>Eleganz und Langlebigkeit f\u00fcr Ihr Projekt<\/p><\/div><\/div>[\/vc_column][vc_column]<div class=\"ult-spacer spacer-6a073adf38f54\" data-id=\"6a073adf38f54\" data-height=\"50\" data-height-mobile=\"50\" data-height-tab=\"50\" data-height-tab-portrait=\"\" data-height-mobile-landscape=\"\" style=\"clear:both;display:block;\"><\/div>[\/vc_column][\/vc_row][vc_row][vc_column]<div class=\"ult-animation  ult-no-mobile \" data-animate=\"fadeInDown\" data-animation-delay=\"0\" data-animation-duration=\"2\" data-animation-iteration=\"1\" style=\"\" >[vc_column_text css=&#8220;&#8220;]<\/p>\n<h4>Hochwertige Buchenfriese direkt vom Hersteller<\/h4>\n<p>Der Holzverarbeitungsbetrieb Buk-Borek ist ein renommierter Hersteller von Buchenfriesen und seit 1996 auf dem Markt t\u00e4tig.<br \/>\nWir bieten Premium-Buchenfriese an, die den Erwartungen von Fachleuten der M\u00f6belindustrie und Innenarchitekten gerecht werden.<br \/>\nUnsere Produkte werden aus sorgf\u00e4ltig ausgew\u00e4hltem Holz gefertigt und einer Vakuumtrocknung unterzogen, was hohe Formstabilit\u00e4t und Widerstandsf\u00e4higkeit gegen Verformung gew\u00e4hrleistet.<\/p>\n<p>Wir sind auf ma\u00dfgeschneiderte L\u00f6sungen spezialisiert \u2013 sowohl hinsichtlich der Abmessungen als auch der Anwendung.<br \/>\nUnsere Buchenfriese finden Verwendung in einer Vielzahl von Projekten \u2013 von modernen Gewerber\u00e4umen bis hin zu klassischen privaten Innenbereichen.<br \/>\nSie sind die ideale Wahl \u00fcberall dort, wo \u00c4sthetik, Langlebigkeit und hochwertiges Rohmaterial von Bedeutung sind.<br \/>\n[\/vc_column_text]<\/div>[\/vc_column][vc_column width=&#8220;1\/2&#8243;]<div class=\"ult-animation  ult-no-mobile \" data-animate=\"fadeInDown\" data-animation-delay=\"0\" data-animation-duration=\"2\" data-animation-iteration=\"1\" style=\"\" >[vc_column_text css=&#8220;&#8220;]<\/p>\n<h4>Warum Buchenfriese von Buk-Borek w\u00e4hlen?<\/h4>\n<ul>\n<li><strong>Vakuumtrocknung<\/strong> \u2013 dieses moderne Trocknungsverfahren gew\u00e4hrleistet Ma\u00dfstabilit\u00e4t und erleichtert die Weiterverarbeitung des Holzes<\/li>\n<li><strong>Sorgf\u00e4ltig ausgew\u00e4hlter Rohstoff<\/strong> \u2013 wir verwenden Holz mit hoher Gleichm\u00e4\u00dfigkeit und optimalen technischen Eigenschaften<\/li>\n<li><strong>Holzd\u00e4mpfung<\/strong> \u2013 eine zus\u00e4tzliche hydrothermische Behandlung, die die Plastizit\u00e4t des Holzes erh\u00f6ht und seine Eigenschaften verbessert<\/li>\n<li><strong>Vielfalt an Abmessungen und glatte Oberfl\u00e4che<\/strong> \u2013 Friese in vielen Varianten mit pr\u00e4zise bearbeiteten Oberfl\u00e4chen<\/li>\n<li><strong>Individuelle Fertigungsm\u00f6glichkeiten<\/strong> \u2013 wir passen das Produkt an die Anforderungen jedes Projekts oder jeder Technologie an<\/li>\n<li><strong>Breites Anwendungsspektrum<\/strong> \u2013 ideal f\u00fcr die Herstellung von M\u00f6beln, Zierelementen, Treppen, Verkleidungen und anderen Tischlerprodukten<\/li>\n<\/ul>\n<p>[\/vc_column_text]<\/div>[\/vc_column][vc_column width=&#8220;1\/2&#8243;]<div class=\"ult-animation  ult-no-mobile \" data-animate=\"fadeInDown\" data-animation-delay=\"0\" data-animation-duration=\"2\" data-animation-iteration=\"1\" style=\"\" >[vc_images_carousel images=&#8220;10435,10344,10341,10436&#8243; img_size=&#8220;full&#8220; speed=&#8220;3000&#8243; autoplay=&#8220;yes&#8220; wrap=&#8220;yes&#8220; css=&#8220;&#8220;]<\/div>[\/vc_column][vc_column]<div class=\"ult-animation  ult-no-mobile \" data-animate=\"fadeInDown\" data-animation-delay=\"0\" data-animation-duration=\"2\" data-animation-iteration=\"1\" style=\"\" >[vc_column_text css=&#8220;&#8220;]<\/p>\n<h4>Anwendungsbereiche von Buchenfriesen:<\/h4>\n<ul>\n<li><strong>M\u00f6belproduktion<\/strong> \u2013 ideal f\u00fcr Tischplatten, Fronten, Tischbeine, Rahmen, Kommoden, Sitzfl\u00e4chen und vieles mehr<\/li>\n<li><strong>Dekorative Projekte<\/strong> \u2013 perfekt als Zierleisten, Wandpaneele, Rahmen und andere Elemente der Innenraumgestaltung<\/li>\n<li><strong>Innenausbau<\/strong> \u2013 geeignet f\u00fcr die Herstellung von Treppen, B\u00f6den und anderen Fl\u00e4chen, bei denen Haltbarkeit und Holz\u00e4sthetik wichtig sind<\/li>\n<\/ul>\n<p>Unsere Buchenfriese werden sowohl von Tischlern als auch von M\u00f6belherstellern und Fabriken gesch\u00e4tzt.<\/p>\n<h4>Vakuumgetrocknete Buchenfriese \u2013 bew\u00e4hrte Qualit\u00e4t direkt vom Hersteller<\/h4>\n<p>Wenn Sie mit dem Holzverarbeitungsbetrieb Buk-Borek zusammenarbeiten, erhalten Sie Premium-Buchenfriese nach Ma\u00df \u2013 pr\u00e4zise auf Ihre Bed\u00fcrfnisse zugeschnitten.<br \/>\nWir garantieren professionelle Betreuung, hohe handwerkliche Qualit\u00e4t und termingerechte Lieferung.<\/p>\n<p><strong>Sehen Sie sich unser Angebot an Buchenfriesen an<\/strong> oder <strong>kontaktieren Sie uns<\/strong>, um technische Details und ein Preisangebot zu erhalten und Ihre Zusammenarbeit zu beginnen.[\/vc_column_text]<\/div>[\/vc_column][\/vc_row][vc_row][vc_column width=&#8220;1\/3&#8243;][vc_raw_html css=&#8220;&#8220;]JTNDZGl2JTIwY2xhc3MlM0QlMjJjb250YWN0LWRldGFpbHMlMjIlM0UlMEQlMEElMjAlMjAlM0NoMyUzRUJ1ay1Cb3JlayUyMEhvbHp2ZXJhcmJlaXR1bmdzYmV0cmllYiUzQyUyRmgzJTNFJTBEJTBBJTIwJTIwJTNDcCUzRVByemVteXMlQzUlODJvd2ElMjAyJTNDYnIlM0UlMEQlMEElMjAlMjAzNC00NDAlMjBLbHVzemtvd2NlJTNDJTJGcCUzRSUwRCUwQSUwRCUwQSUyMCUyMCUzQ3AlM0UlMEQlMEElMjAlMjAlMjAlMjAlM0NpJTIwY2xhc3MlM0QlMjJmYXMlMjBmYS1waG9uZSUyMiUzRSUzQyUyRmklM0UlMEQlMEElMjAlMjAlMjAlMjAlM0NhJTIwaHJlZiUzRCUyMnRlbCUzQSUyQjQ4MTgyNjQxMzQ3JTIyJTNFJTJCNDglMjAxOCUyMDI2NCUyMDEzJTIwNDclM0MlMkZhJTNFJTNDYnIlM0UlMEQlMEElMjAlMjAlMjAlMjAlM0NpJTIwY2xhc3MlM0QlMjJmYXMlMjBmYS1lbnZlbG9wZSUyMiUzRSUzQyUyRmklM0UlMEQlMEElMjAlMjAlMjAlMjAlM0NhJTIwaHJlZiUzRCUyMm1haWx0byUzQWJpdXJvJTQwYnVrLWJvcmVrLnBsJTIyJTNFYml1cm8lNDBidWstYm9yZWsucGwlM0MlMkZhJTNFJTBEJTBBJTIwJTIwJTNDJTJGcCUzRSUwRCUwQSUzQ2JyJTNFJTBEJTBBJTIwJTIwJTNDcCUzRSUwRCUwQSUyMCUyMCUyMCUyMCUzQ3N0cm9uZyUzRVRlY2hub2xvZ2UlMjAlRTIlODAlOTMlMjBBYnRlaWx1bmclMjBmJUMzJUJDciUyMEF1ZnRyYWdzYWJ3aWNrbHVuZyUyQyUyMFZlcnRyaWViJTIwdW5kJTIwdGVjaG5pc2NoZSUyMEJlcmF0dW5nJTNBJTNDJTJGc3Ryb25nJTNFJTNDYnIlM0UlMEQlMEElMjAlMjAlMjAlMjBBbmRyemVqJTIwS2xpbWN6YWslM0NiciUzRSUwRCUwQSUyMCUyMCUyMCUyMCUzQ2klMjBjbGFzcyUzRCUyMmZhcyUyMGZhLXBob25lJTIyJTNFJTNDJTJGaSUzRSUwRCUwQSUyMCUyMCUyMCUyMCUzQ2ElMjBocmVmJTNEJTIydGVsJTNBJTJCNDg1MTM3MzExMDclMjIlM0UlMkI0OCUyMDUxMyUyMDczMSUyMDEwNyUzQyUyRmElM0UlM0NiciUzRSUwRCUwQSUyMCUyMCUyMCUyMCUzQ2klMjBjbGFzcyUzRCUyMmZhcyUyMGZhLWVudmVsb3BlJTIyJTNFJTNDJTJGaSUzRSUwRCUwQSUyMCUyMCUyMCUyMCUzQ2ElMjBocmVmJTNEJTIybWFpbHRvJTNBYW5kcnplai5rbGltY3phayU0MGJ1ay1ib3Jlay5wbCUyMiUzRWFuZHJ6ZWoua2xpbWN6YWslNDBidWstYm9yZWsucGwlM0MlMkZhJTNFJTBEJTBBJTIwJTIwJTNDJTJGcCUzRSUwRCUwQSUyMCUyMCUzQ2JyJTNFJTIwJTBEJTBBJTNDJTJGZGl2JTNFJTBEJTBB[\/vc_raw_html][\/vc_column][vc_column width=&#8220;2\/3&#8243;]\n<div class=\"wpcf7 no-js\" id=\"wpcf7-f8442-o1\" lang=\"en-US\" dir=\"ltr\" data-wpcf7-id=\"8442\">\n<div class=\"screen-reader-response\"><p role=\"status\" aria-live=\"polite\" aria-atomic=\"true\"><\/p> <ul><\/ul><\/div>\n<form action=\"\/de\/wp-json\/wp\/v2\/pages\/10307#wpcf7-f8442-o1\" method=\"post\" class=\"wpcf7-form init\" aria-label=\"Contact form\" novalidate=\"novalidate\" data-status=\"init\">\n<fieldset class=\"hidden-fields-container\"><input type=\"hidden\" name=\"_wpcf7\" value=\"8442\" \/><input type=\"hidden\" name=\"_wpcf7_version\" value=\"6.1\" \/><input type=\"hidden\" name=\"_wpcf7_locale\" value=\"en_US\" \/><input type=\"hidden\" name=\"_wpcf7_unit_tag\" value=\"wpcf7-f8442-o1\" \/><input type=\"hidden\" name=\"_wpcf7_container_post\" value=\"0\" \/><input type=\"hidden\" name=\"_wpcf7_posted_data_hash\" value=\"\" \/>\n<\/fieldset>\n<p>[vc_row]<br \/>\n[vc_column width=\"1\/1\"]<br \/>\n<span class=\"wpcf7-form-control-wrap\" data-name=\"first-name\"><input size=\"40\" maxlength=\"400\" class=\"wpcf7-form-control wpcf7-text wpcf7-validates-as-required\" aria-required=\"true\" aria-invalid=\"false\" placeholder=\"Vollst\u00e4ndiger Name*\" value=\"\" type=\"text\" name=\"first-name\" \/><\/span><br \/>\n[\/vc_column]<br \/>\n[\/vc_row]\n<\/p>\n<p>[vc_row]<br \/>\n[vc_column width=\"1\/1\"]<br \/>\n<span class=\"wpcf7-form-control-wrap\" data-name=\"your-email\"><input size=\"40\" maxlength=\"400\" class=\"wpcf7-form-control wpcf7-email wpcf7-validates-as-required wpcf7-text wpcf7-validates-as-email\" aria-required=\"true\" aria-invalid=\"false\" placeholder=\"E-Mail-Adresse*\" value=\"\" type=\"email\" name=\"your-email\" \/><\/span><br \/>\n[\/vc_column]<br \/>\n[\/vc_row]\n<\/p>\n<p>[vc_row]<br \/>\n[vc_column width=\"1\/1\"]<br \/>\n<span class=\"wpcf7-form-control-wrap\" data-name=\"your-phone\"><input size=\"40\" maxlength=\"400\" class=\"wpcf7-form-control wpcf7-tel wpcf7-text wpcf7-validates-as-tel\" aria-invalid=\"false\" placeholder=\"Telefonnummer\" value=\"\" type=\"tel\" name=\"your-phone\" \/><\/span><br \/>\n[\/vc_column]<br \/>\n[\/vc_row]\n<\/p>\n<p>[vc_row]<br \/>\n[vc_column width=\"1\/1\"]<br \/>\n<span class=\"wpcf7-form-control-wrap\" data-name=\"subject\"><input size=\"40\" maxlength=\"400\" class=\"wpcf7-form-control wpcf7-text\" aria-invalid=\"false\" placeholder=\"Betreff\" value=\"\" type=\"text\" name=\"subject\" \/><\/span><br \/>\n[\/vc_column]<br \/>\n[\/vc_row]\n<\/p>\n<p>[vc_row]<br \/>\n[vc_column width=\"1\/1\"]<br \/>\n<span class=\"wpcf7-form-control-wrap\" data-name=\"your-message\"><textarea cols=\"40\" rows=\"10\" maxlength=\"2000\" class=\"wpcf7-form-control wpcf7-textarea\" aria-invalid=\"false\" placeholder=\"Nachricht\" name=\"your-message\"><\/textarea><\/span><br \/>\n<div class=\"wpcf7-turnstile cf-turnstile\" data-sitekey=\"0x4AAAAAACJm0XbawoYDzUFu\" data-response-field-name=\"_wpcf7_turnstile_response\"><\/div><br \/>\n[\/vc_column]<br \/>\n[\/vc_row]\n<\/p>\n<p>[vc_row]<br \/>\n[vc_column width=\"1\/1\"]<br \/>\n[vc_empty_space height=\"20px\"]<br \/>\n<input class=\"wpcf7-form-control wpcf7-submit has-spinner\" type=\"submit\" value=\"Senden\" \/><br \/>\n[\/vc_column]<br \/>\n[\/vc_row]\n<\/p><div class=\"wpcf7-response-output\" aria-hidden=\"true\"><\/div>\n<\/form>\n<\/div>\n[\/vc_column][\/vc_row]<\/p>\n<\/div>","protected":false},"excerpt":{"rendered":"<p>[vc_row css=&#8220;.vc_custom_1497347181319{padding-bottom: 40px !important;}&#8220;][vc_column][\/vc_column][vc_column][\/vc_column][\/vc_row][vc_row][vc_column][\/vc_column][vc_column width=&#8220;1\/2&#8243;][\/vc_column][vc_column width=&#8220;1\/2&#8243;][\/vc_column][vc_column][\/vc_column][\/vc_row][vc_row][vc_column width=&#8220;1\/3&#8243;][vc_raw_html css=&#8220;&#8220;]JTNDZGl2JTIwY2xhc3MlM0QlMjJjb250YWN0LWRldGFpbHMlMjIlM0UlMEQlMEElMjAlMjAlM0NoMyUzRUJ1ay1Cb3JlayUyMEhvbHp2ZXJhcmJlaXR1bmdzYmV0cmllYiUzQyUyRmgzJTNFJTBEJTBBJTIwJTIwJTNDcCUzRVByemVteXMlQzUlODJvd2ElMjAyJTNDYnIlM0UlMEQlMEElMjAlMjAzNC00NDAlMjBLbHVzemtvd2NlJTNDJTJGcCUzRSUwRCUwQSUwRCUwQSUyMCUyMCUzQ3AlM0UlMEQlMEElMjAlMjAlMjAlMjAlM0NpJTIwY2xhc3MlM0QlMjJmYXMlMjBmYS1waG9uZSUyMiUzRSUzQyUyRmklM0UlMEQlMEElMjAlMjAlMjAlMjAlM0NhJTIwaHJlZiUzRCUyMnRlbCUzQSUyQjQ4MTgyNjQxMzQ3JTIyJTNFJTJCNDglMjAxOCUyMDI2NCUyMDEzJTIwNDclM0MlMkZhJTNFJTNDYnIlM0UlMEQlMEElMjAlMjAlMjAlMjAlM0NpJTIwY2xhc3MlM0QlMjJmYXMlMjBmYS1lbnZlbG9wZSUyMiUzRSUzQyUyRmklM0UlMEQlMEElMjAlMjAlMjAlMjAlM0NhJTIwaHJlZiUzRCUyMm1haWx0byUzQWJpdXJvJTQwYnVrLWJvcmVrLnBsJTIyJTNFYml1cm8lNDBidWstYm9yZWsucGwlM0MlMkZhJTNFJTBEJTBBJTIwJTIwJTNDJTJGcCUzRSUwRCUwQSUzQ2JyJTNFJTBEJTBBJTIwJTIwJTNDcCUzRSUwRCUwQSUyMCUyMCUyMCUyMCUzQ3N0cm9uZyUzRVRlY2hub2xvZ2UlMjAlRTIlODAlOTMlMjBBYnRlaWx1bmclMjBmJUMzJUJDciUyMEF1ZnRyYWdzYWJ3aWNrbHVuZyUyQyUyMFZlcnRyaWViJTIwdW5kJTIwdGVjaG5pc2NoZSUyMEJlcmF0dW5nJTNBJTNDJTJGc3Ryb25nJTNFJTNDYnIlM0UlMEQlMEElMjAlMjAlMjAlMjBBbmRyemVqJTIwS2xpbWN6YWslM0NiciUzRSUwRCUwQSUyMCUyMCUyMCUyMCUzQ2klMjBjbGFzcyUzRCUyMmZhcyUyMGZhLXBob25lJTIyJTNFJTNDJTJGaSUzRSUwRCUwQSUyMCUyMCUyMCUyMCUzQ2ElMjBocmVmJTNEJTIydGVsJTNBJTJCNDg1MTM3MzExMDclMjIlM0UlMkI0OCUyMDUxMyUyMDczMSUyMDEwNyUzQyUyRmElM0UlM0NiciUzRSUwRCUwQSUyMCUyMCUyMCUyMCUzQ2klMjBjbGFzcyUzRCUyMmZhcyUyMGZhLWVudmVsb3BlJTIyJTNFJTNDJTJGaSUzRSUwRCUwQSUyMCUyMCUyMCUyMCUzQ2ElMjBocmVmJTNEJTIybWFpbHRvJTNBYW5kcnplai5rbGltY3phayU0MGJ1ay1ib3Jlay5wbCUyMiUzRWFuZHJ6ZWoua2xpbWN6YWslNDBidWstYm9yZWsucGwlM0MlMkZhJTNFJTBEJTBBJTIwJTIwJTNDJTJGcCUzRSUwRCUwQSUyMCUyMCUzQ2JyJTNFJTIwJTBEJTBBJTNDJTJGZGl2JTNFJTBEJTBB[\/vc_raw_html][\/vc_column][vc_column width=&#8220;2\/3&#8243;][\/vc_column][\/vc_row]<\/p>\n","protected":false},"author":1,"featured_media":0,"parent":0,"menu_order":0,"comment_status":"closed","ping_status":"closed","template":"","meta":{"footnotes":""},"class_list":["post-10307","page","type-page","status-publish","hentry"],"_links":{"self":[{"href":"https:\/\/buk-borek.pl\/de\/wp-json\/wp\/v2\/pages\/10307","targetHints":{"allow":["GET"]}}],"collection":[{"href":"https:\/\/buk-borek.pl\/de\/wp-json\/wp\/v2\/pages"}],"about":[{"href":"https:\/\/buk-borek.pl\/de\/wp-json\/wp\/v2\/types\/page"}],"author":[{"embeddable":true,"href":"https:\/\/buk-borek.pl\/de\/wp-json\/wp\/v2\/users\/1"}],"replies":[{"embeddable":true,"href":"https:\/\/buk-borek.pl\/de\/wp-json\/wp\/v2\/comments?post=10307"}],"version-history":[{"count":29,"href":"https:\/\/buk-borek.pl\/de\/wp-json\/wp\/v2\/pages\/10307\/revisions"}],"predecessor-version":[{"id":11106,"href":"https:\/\/buk-borek.pl\/de\/wp-json\/wp\/v2\/pages\/10307\/revisions\/11106"}],"wp:attachment":[{"href":"https:\/\/buk-borek.pl\/de\/wp-json\/wp\/v2\/media?parent=10307"}],"curies":[{"name":"wp","href":"https:\/\/api.w.org\/{rel}","templated":true}]}}