{"id":7581,"date":"2017-06-09T06:00:22","date_gmt":"2017-06-09T06:00:22","guid":{"rendered":"https:\/\/consultancy.local\/?page_id=7581"},"modified":"2025-11-06T13:57:40","modified_gmt":"2025-11-06T13:57:40","slug":"ueber-uns","status":"publish","type":"page","link":"https:\/\/buk-borek.pl\/de\/ueber-uns\/","title":{"rendered":"O firmie"},"content":{"rendered":"<div class=\"wpb-content-wrapper\"><p>[vc_row][vc_column]<div class=\"ult-animation  ult-animate-viewport  ult-no-mobile \" data-animate=\"fadeInUp\" data-animation-delay=\"0\" data-animation-duration=\"2\" data-animation-iteration=\"1\" style=\"opacity:0;\" data-opacity_start_effect=\"\"><div class='dt-sc-title with-right-border-decor aligncenter with-separator'><h2>\u00dcber uns <\/h2><p>Eine Tradition der Qualit\u00e4t seit 1996<\/p><\/div><div class=\"ult-spacer spacer-6a073ae413945\" data-id=\"6a073ae413945\" data-height=\"50\" data-height-mobile=\"50\" data-height-tab=\"50\" data-height-tab-portrait=\"\" data-height-mobile-landscape=\"\" style=\"clear:both;display:block;\"><\/div><\/div>[\/vc_column][vc_column width=&#8220;4\/12&#8243;]<div class=\"ult-animation  ult-animate-viewport  ult-no-mobile \" data-animate=\"fadeInUp\" data-animation-delay=\"0\" data-animation-duration=\"2\" data-animation-iteration=\"1\" style=\"opacity:0;\" data-opacity_start_effect=\"\">[vc_single_image image=&#8220;10357&#8243; img_size=&#8220;large&#8220; css=&#8220;&#8220;]<\/div>[\/vc_column][vc_column width=&#8220;5\/12&#8243;]<div class=\"ult-animation  ult-animate-viewport  ult-no-mobile \" data-animate=\"fadeInUp\" data-animation-delay=\"0\" data-animation-duration=\"3\" data-animation-iteration=\"1\" style=\"opacity:0;\" data-opacity_start_effect=\"\">[vc_column_text css=&#8220;&#8220;]<strong>Willkommen beim Holzverarbeitungsbetrieb Buk-Borek<\/strong>,<br \/>\nwo wir seit 1996 Ma\u00dfst\u00e4be f\u00fcr Qualit\u00e4t in der Holzverarbeitung und handwerklichen Pr\u00e4zision setzen.<\/p>\n<p>Wir sind auf die Herstellung hochwertiger Produkte aus Buchen- und Eichenholz spezialisiert, ebenso wie auf die Verarbeitung anderer Holzarten wie Esche, Kirsche und Bergahorn.<br \/>\n[\/vc_column_text]<\/div>[\/vc_column][vc_column width=&#8220;3\/12&#8243;][\/vc_column][vc_column]<div class=\"ult-animation  ult-animate-viewport  ult-no-mobile \" data-animate=\"fadeInUp\" data-animation-delay=\"0\" data-animation-duration=\"2\" data-animation-iteration=\"1\" style=\"opacity:0;\" data-opacity_start_effect=\"\">[vc_column_text css=&#8220;&#8220;]<\/p>\n<h4>Was wir anbieten<\/h4>\n<p><strong>Hochwertige Holzprodukte<\/strong><\/p>\n<p>Bei Buk-Borek nutzen wir moderne Vakuumtrocknungstechnologie, um sicherzustellen, dass jedes Produkt den h\u00f6chsten Anspr\u00fcchen an Haltbarkeit und Funktionalit\u00e4t gerecht wird.<br \/>\nUnser Angebot richtet sich sowohl an Privat- als auch an Gesch\u00e4ftskunden \u2013 wir bieten vielseitige L\u00f6sungen, die mit gr\u00f6\u00dfter Sorgfalt bis ins Detail gefertigt werden.<\/p>\n<p><strong>Professionelle Dienstleistungen<\/strong><\/p>\n<p>Neben der Herstellung hochwertiger Holzprodukte bieten wir auch:<\/p>\n<ul>\n<li><strong>Holzs\u00e4gen<\/strong> \u2013 fachgerechte Verarbeitung nach Kundenspezifikation.<\/li>\n<li><strong>Transport<\/strong> \u2013 Lieferung innerhalb der Region f\u00fcr Komfort und effiziente Auftragsabwicklung.<\/li>\n<\/ul>\n<h4>Qualifiziertes Team<\/h4>\n<p>Die Grundlage unseres Erfolgs sind unsere Mitarbeiter.<br \/>\nUnser Team vereint umfangreiches Fachwissen, praktische Erfahrung und echte Leidenschaft f\u00fcr die Arbeit mit Holz.<br \/>\nDank dieser Kombination k\u00f6nnen wir herausragende Qualit\u00e4t liefern \u2013 von pr\u00e4zisen Einzelanfertigungen bis hin zur Serienproduktion.<\/p>\n<h4>Vertrauen von Partnern in Polen und im Ausland<\/h4>\n<p>Wir sind stolz darauf, mit namhaften M\u00f6belherstellern in Polen und international zusammenzuarbeiten.<br \/>\nUnsere langj\u00e4hrigen Partnerschaften sind der Beweis f\u00fcr unsere Zuverl\u00e4ssigkeit und Best\u00e4ndigkeit bei der Lieferung von L\u00f6sungen h\u00f6chster Qualit\u00e4t.<br \/>\nBuk-Borek ist die richtige Wahl \u2013 egal, ob Sie Materialien f\u00fcr die Serienfertigung oder f\u00fcr individuelle Sonderprojekte suchen.<\/p>\n<h4>Engagement f\u00fcr Qualit\u00e4t<\/h4>\n<p>In jeder Phase der Auftragsabwicklung halten wir unser Versprechen, Produkte und Dienstleistungen von h\u00f6chster Qualit\u00e4t zu liefern.<br \/>\nDar\u00fcber hinaus engagieren wir uns f\u00fcr eine nachhaltige Entwicklung \u2013 durch verantwortungsvolle Materialbeschaffung und die Optimierung unserer Produktionsprozesse, um die Umwelt zu sch\u00fctzen und eine bessere Zukunft zu gestalten.<\/p>\n<h4>Zusammenarbeit<\/h4>\n<p>Ob Sie als Privatkunde hochwertige Holzprodukte suchen oder als Unternehmen einen zuverl\u00e4ssigen Lieferanten und Partner ben\u00f6tigen \u2013 der Holzverarbeitungsbetrieb Buk-Borek steht Ihnen zur Verf\u00fcgung.<br \/>\nEntdecken Sie unser Angebot und erleben Sie, wie Erfahrung und Handwerkskunst den Unterschied machen.<\/p>\n<p><a href=\"\/kontakt\/\">Kontaktieren Sie uns<\/a> und erfahren Sie, wie unsere L\u00f6sungen Ihre Anforderungen erf\u00fcllen k\u00f6nnen!<br \/>\n[\/vc_column_text]<\/div>[\/vc_column][\/vc_row]<\/p>\n<\/div>","protected":false},"excerpt":{"rendered":"<p>[vc_row][vc_column][\/vc_column][vc_column width=&#8220;4\/12&#8243;][\/vc_column][vc_column width=&#8220;5\/12&#8243;][\/vc_column][vc_column width=&#8220;3\/12&#8243;][\/vc_column][vc_column][\/vc_column][\/vc_row]<\/p>\n","protected":false},"author":1,"featured_media":0,"parent":0,"menu_order":0,"comment_status":"closed","ping_status":"closed","template":"","meta":{"footnotes":""},"class_list":["post-7581","page","type-page","status-publish","hentry"],"_links":{"self":[{"href":"https:\/\/buk-borek.pl\/de\/wp-json\/wp\/v2\/pages\/7581","targetHints":{"allow":["GET"]}}],"collection":[{"href":"https:\/\/buk-borek.pl\/de\/wp-json\/wp\/v2\/pages"}],"about":[{"href":"https:\/\/buk-borek.pl\/de\/wp-json\/wp\/v2\/types\/page"}],"author":[{"embeddable":true,"href":"https:\/\/buk-borek.pl\/de\/wp-json\/wp\/v2\/users\/1"}],"replies":[{"embeddable":true,"href":"https:\/\/buk-borek.pl\/de\/wp-json\/wp\/v2\/comments?post=7581"}],"version-history":[{"count":34,"href":"https:\/\/buk-borek.pl\/de\/wp-json\/wp\/v2\/pages\/7581\/revisions"}],"predecessor-version":[{"id":11111,"href":"https:\/\/buk-borek.pl\/de\/wp-json\/wp\/v2\/pages\/7581\/revisions\/11111"}],"wp:attachment":[{"href":"https:\/\/buk-borek.pl\/de\/wp-json\/wp\/v2\/media?parent=7581"}],"curies":[{"name":"wp","href":"https:\/\/api.w.org\/{rel}","templated":true}]}}