{"id":8148,"date":"2017-06-13T15:57:59","date_gmt":"2017-06-13T15:57:59","guid":{"rendered":"https:\/\/consultancy.local\/?page_id=8148"},"modified":"2025-11-06T13:40:39","modified_gmt":"2025-11-06T13:40:39","slug":"werbeliegestuehle-aus-buchenholz","status":"publish","type":"page","link":"https:\/\/buk-borek.pl\/de\/werbeliegestuehle-aus-buchenholz\/","title":{"rendered":"Advertising deckchairs made of beech wood"},"content":{"rendered":"<div class=\"wpb-content-wrapper\"><p>[vc_row][vc_column]<div class=\"ult-animation  ult-animate-viewport  ult-no-mobile \" data-animate=\"fadeInLeft\" data-animation-delay=\"0\" data-animation-duration=\"3\" data-animation-iteration=\"1\" style=\"opacity:0;\" data-opacity_start_effect=\"\"><div class='dt-sc-title with-right-border-decor aligncenter with-separator'><h2>Liegest\u00fchle aus Buchenholz<\/h2><p>f\u00fcr Werbeagenturen und Hersteller von Werbematerialien<\/p><\/div><\/div><div class=\"ult-spacer spacer-6a073e368260e\" data-id=\"6a073e368260e\" data-height=\"60\" data-height-mobile=\"60\" data-height-tab=\"60\" data-height-tab-portrait=\"\" data-height-mobile-landscape=\"\" style=\"clear:both;display:block;\"><\/div>[\/vc_column][vc_column width=&#8220;6\/12&#8243;]<div class=\"ult-animation  ult-animate-viewport  ult-no-mobile \" data-animate=\"fadeInLeft\" data-animation-delay=\"0\" data-animation-duration=\"3\" data-animation-iteration=\"1\" style=\"opacity:0;\" data-opacity_start_effect=\"\">[vc_column_text css=&#8220;&#8220;]<\/p>\n<h4>Stabil, \u00e4sthetisch und f\u00fcr die Serienproduktion geeignet \u2013 perfekt f\u00fcr die Werbebranche<\/h4>\n<p>Unsere <strong>Holzgestelle f\u00fcr Werbeliegest\u00fchle<\/strong> sind speziell f\u00fcr professionelle Kunden konzipiert \u2013 Werbeagenturen, Druckereien und Hersteller von Werbematerialien.<\/p>\n<p>Wir liefern <strong>langlebige, pr\u00e4zise gefertigte Konstruktionen aus Buchenholz<\/strong>, die als Basis f\u00fcr das Anbringen von Stoffen und Druckmotiven unserer Kunden dienen.<br \/>\n[\/vc_column_text]<\/div>[\/vc_column][vc_column width=&#8220;5\/12&#8243;]<div class=\"ult-animation  ult-animate-viewport  ult-no-mobile \" data-animate=\"fadeInLeft\" data-animation-delay=\"0\" data-animation-duration=\"3\" data-animation-iteration=\"1\" style=\"opacity:0;\" data-opacity_start_effect=\"\">[vc_images_carousel images=&#8220;10526,10525,10524,10523&#8243; img_size=&#8220;full&#8220; speed=&#8220;3000&#8243; autoplay=&#8220;yes&#8220; wrap=&#8220;yes&#8220; css=&#8220;&#8220;]<\/div>[\/vc_column][vc_column width=&#8220;1\/12&#8243;][\/vc_column][vc_column]<div class=\"ult-animation  ult-animate-viewport  ult-no-mobile \" data-animate=\"fadeInLeft\" data-animation-delay=\"0\" data-animation-duration=\"3\" data-animation-iteration=\"1\" style=\"opacity:0;\" data-opacity_start_effect=\"\">[vc_column_text css=&#8220;&#8220;]<\/p>\n<h4>Warum unsere Liegestuhlgestelle w\u00e4hlen?<\/h4>\n<ul>\n<li><strong>Serienproduktion und gleichbleibende Qualit\u00e4t<\/strong> \u2013 jedes Element wird nach Spezifikation und den Anforderungen der Werbebranche gefertigt<\/li>\n<li><strong>Pr\u00e4zise Verarbeitung von Buchenholz<\/strong> \u2013 Haltbarkeit, glatte Oberfl\u00e4che und ein elegantes Erscheinungsbild des Endprodukts<\/li>\n<li><strong>Individuelle Abmessungen nach Kundenwunsch<\/strong> \u2013 M\u00f6glichkeit zur Produktion von Serien nach eigenem Entwurf oder Referenzmuster<\/li>\n<li><strong>Praktisches Klappsystem<\/strong> \u2013 eine Konstruktion, die f\u00fcr h\u00e4ufige Nutzung und einfache Montage der Werbestoffe entwickelt wurde<\/li>\n<li><strong>Termingerechte Abwicklung gro\u00dfer Auftr\u00e4ge<\/strong> \u2013 wir realisieren sowohl kleine Testserien als auch Gro\u00dfproduktionen<\/li>\n<\/ul>\n<p>[\/vc_column_text]<\/div>[\/vc_column][vc_column width=&#8220;5\/12&#8243;]<div class=\"ult-animation  ult-animate-viewport  ult-no-mobile \" data-animate=\"fadeInLeft\" data-animation-delay=\"0\" data-animation-duration=\"3\" data-animation-iteration=\"1\" style=\"opacity:0;\" data-opacity_start_effect=\"\">[vc_single_image image=&#8220;10695&#8243; img_size=&#8220;full&#8220; css=&#8220;&#8220;]<\/div>[\/vc_column][vc_column width=&#8220;1\/12&#8243;][\/vc_column][vc_column width=&#8220;6\/12&#8243;][vc_column_text css=&#8220;&#8220;]<\/p>\n<h4>Technische Spezifikationen<\/h4>\n<ul>\n<li>Material: kammergetrocknetes Buchenholz<\/li>\n<li>Ged\u00e4mpftes Buchenholz \u2013 der D\u00e4mpfprozess verleiht dem Material Flexibilit\u00e4t, verhindert Verformungen durch Feuchtigkeitsschwankungen und sorgt f\u00fcr eine gleichm\u00e4\u00dfige Farbe<\/li>\n<li>Tragf\u00e4higkeit: bis zu 110 kg<\/li>\n<li>Chargenkennzeichnung und Gro\u00dfverpackung \u2013 erleichtern die Weiterverteilung<\/li>\n<\/ul>\n<p>[\/vc_column_text]<div class=\" ubtn-ctn-left \"><a class=\"ubtn-link ult-adjust-bottom-margin ubtn-left ubtn-normal \" href=\"https:\/\/buk-borek.brightdove.co.uk\/en\/kontakt\/\" title=\"Kontakt\" ><button type=\"button\" id=\"ubtn-7219\"  class=\"ubtn ult-adjust-bottom-margin ult-responsive ubtn-normal ubtn-fade-bg  none  ubtn-left   tooltip-6a073e36826ba\"  data-hover=\"\" data-border-color=\"\" data-bg=\"#231815\" data-hover-bg=\"#8B5E3C\" data-border-hover=\"\" data-shadow-hover=\"\" data-shadow-click=\"none\" data-shadow=\"\" data-shd-shadow=\"\"  data-ultimate-target='#ubtn-7219'  data-responsive-json-new='{\"font-size\":\"\",\"line-height\":\"\"}'  style=\"font-weight:normal;border:none;background: #231815;color: #FFFFFF;\"><span class=\"ubtn-hover\" style=\"background-color:#8B5E3C\"><\/span><span class=\"ubtn-data ubtn-text \" >Kontaktieren Sie uns<\/span><\/button><\/a><\/div>[\/vc_column][vc_column]<div class=\"ult-animation  ult-animate-viewport  ult-no-mobile \" data-animate=\"fadeInLeft\" data-animation-delay=\"0\" data-animation-duration=\"3\" data-animation-iteration=\"1\" style=\"opacity:0;\" data-opacity_start_effect=\"\">[vc_column_text css=&#8220;&#8220;]<\/p>\n<h4>F\u00fcr wen produzieren wir?<\/h4>\n<p>Unsere Hauptkunden sind Werbeagenturen, Gro\u00dfformat-Druckereien und Hersteller von Werbeartikeln.<br \/>\nSie bestellen fertige, unbehandelte oder vorgefertigte Gestelle, die sie anschlie\u00dfend mit ihren eigenen bedruckten Stoffen komplettieren.<\/p>\n<h4>Produktionsprozess und Logistik<\/h4>\n<p>Dank unserer modernen technischen Ausstattung und Kontrolle in jeder Produktionsphase gew\u00e4hrleisten wir gleichbleibend hohe Qualit\u00e4t und termingerechte Lieferung.<br \/>\nDie Liegest\u00fchle werden gesammelt auf Paletten verpackt, was Lagerung und Transport erleichtert.<br \/>\nWir liefern in ganz Polen und in die Europ\u00e4ische Union.<\/p>\n<h4>Zusammenarbeit<\/h4>\n<p>Wir sind ein flexibler Partner \u2013 wir fertigen sowohl kleine Prototypserien als auch gro\u00dfe Industriechargen nach individuellen Kundenanforderungen.<br \/>\nKontaktieren Sie uns, um Spezifikationen, Muster und Lieferzeiten zu besprechen.<\/p>\n<p><a class=\"btn-primary\" href=\"\/contact\">Kontaktieren Sie uns<\/a><br \/>\n[\/vc_column_text]<\/div>[\/vc_column][\/vc_row][vc_row addstyles=&#8220;text-align:center;&#8220; el_class=&#8220;textcenter&#8220;][vc_column el_align=&#8220;center&#8220; addstyles=&#8220;text-align:center;&#8220;][\/vc_column][vc_column]<div class=\"ult-spacer spacer-6a073e3682719\" data-id=\"6a073e3682719\" data-height=\"60\" data-height-mobile=\"60\" data-height-tab=\"60\" data-height-tab-portrait=\"\" data-height-mobile-landscape=\"\" style=\"clear:both;display:block;\"><\/div>[\/vc_column][\/vc_row]<\/p>\n<\/div>","protected":false},"excerpt":{"rendered":"<p>[vc_row][vc_column][\/vc_column][vc_column width=&#8220;6\/12&#8243;][\/vc_column][vc_column width=&#8220;5\/12&#8243;][\/vc_column][vc_column width=&#8220;1\/12&#8243;][\/vc_column][vc_column][\/vc_column][vc_column width=&#8220;5\/12&#8243;][\/vc_column][vc_column width=&#8220;1\/12&#8243;][\/vc_column][vc_column width=&#8220;6\/12&#8243;][vc_column_text css=&#8220;&#8220;] Technische Spezifikationen Material: kammergetrocknetes Buchenholz Ged\u00e4mpftes Buchenholz \u2013 der D\u00e4mpfprozess verleiht dem Material Flexibilit\u00e4t, verhindert Verformungen durch Feuchtigkeitsschwankungen und sorgt f\u00fcr eine gleichm\u00e4\u00dfige Farbe Tragf\u00e4higkeit: bis zu 110 kg Chargenkennzeichnung und Gro\u00dfverpackung \u2013 erleichtern die Weiterverteilung [\/vc_column_text][\/vc_column][vc_column][\/vc_column][\/vc_row][vc_row addstyles=&#8220;text-align:center;&#8220; el_class=&#8220;textcenter&#8220;][vc_column el_align=&#8220;center&#8220; addstyles=&#8220;text-align:center;&#8220;][\/vc_column][vc_column][\/vc_column][\/vc_row]<\/p>\n","protected":false},"author":1,"featured_media":0,"parent":0,"menu_order":0,"comment_status":"closed","ping_status":"closed","template":"","meta":{"footnotes":""},"class_list":["post-8148","page","type-page","status-publish","hentry"],"_links":{"self":[{"href":"https:\/\/buk-borek.pl\/de\/wp-json\/wp\/v2\/pages\/8148","targetHints":{"allow":["GET"]}}],"collection":[{"href":"https:\/\/buk-borek.pl\/de\/wp-json\/wp\/v2\/pages"}],"about":[{"href":"https:\/\/buk-borek.pl\/de\/wp-json\/wp\/v2\/types\/page"}],"author":[{"embeddable":true,"href":"https:\/\/buk-borek.pl\/de\/wp-json\/wp\/v2\/users\/1"}],"replies":[{"embeddable":true,"href":"https:\/\/buk-borek.pl\/de\/wp-json\/wp\/v2\/comments?post=8148"}],"version-history":[{"count":29,"href":"https:\/\/buk-borek.pl\/de\/wp-json\/wp\/v2\/pages\/8148\/revisions"}],"predecessor-version":[{"id":11103,"href":"https:\/\/buk-borek.pl\/de\/wp-json\/wp\/v2\/pages\/8148\/revisions\/11103"}],"wp:attachment":[{"href":"https:\/\/buk-borek.pl\/de\/wp-json\/wp\/v2\/media?parent=8148"}],"curies":[{"name":"wp","href":"https:\/\/api.w.org\/{rel}","templated":true}]}}