{"id":8379,"date":"2017-06-14T17:30:03","date_gmt":"2017-06-14T17:30:03","guid":{"rendered":"https:\/\/consultancy.local\/?page_id=8379"},"modified":"2025-11-06T13:53:43","modified_gmt":"2025-11-06T13:53:43","slug":"was-wir-tun","status":"publish","type":"page","link":"https:\/\/buk-borek.pl\/de\/was-wir-tun\/","title":{"rendered":"What we do"},"content":{"rendered":"<div class=\"wpb-content-wrapper\"><p>[vc_row full_width=&#8220;default_no_spaces&#8220; equal_height=&#8220;yes&#8220; content_placement=&#8220;middle&#8220; el_class=&#8220;section50 safari-hack&#8220; css=&#8220;.vc_custom_1498280356222{margin-bottom: 7% !important;}&#8220;][vc_column]<div class=\"ult-animation  ult-animate-viewport  ult-no-mobile \" data-animate=\"fadeIn\" data-animation-delay=\"0\" data-animation-duration=\"2\" data-animation-iteration=\"1\" style=\"opacity:0;\" data-opacity_start_effect=\"\">[vc_empty_space height=&#8220;10px&#8220;]<div class='dt-sc-title with-right-border-decor aligncenter with-separator'><h2>Buchenholz nach Ma\u00df gefertigt<\/h2><p>Professionelles Angebot f\u00fcr die M\u00f6bel- und Heizungsindustrie<\/p><\/div>[vc_empty_space height=&#8220;100px&#8220;]<\/div>[\/vc_column][vc_column width=&#8220;1\/2&#8243;][vc_row_inner equal_height=&#8220;yes&#8220; content_placement=&#8220;middle&#8220; el_class=&#8220;icon-box-display&#8220;][vc_column_inner el_class=&#8220;img-display img-buk&#8220; width=&#8220;2\/3&#8243; css=&#8220;.vc_custom_1760686917751{padding-top: 15px !important;padding-right: 0px !important;padding-bottom: 15px !important;}&#8220; addstyles=&#8220;background-color: #fff !important;&#8220;]<div class=\"ult-animation  ult-animate-viewport  ult-no-mobile \" data-animate=\"fadeIn\" data-animation-delay=\"0\" data-animation-duration=\"2\" data-animation-iteration=\"1\" style=\"opacity:0;\" data-opacity_start_effect=\"\"><h3 class=\"strong\">Buchen-Kantholz<\/h3>[vc_column_text css=&#8220;.vc_custom_1762434695328{margin-bottom: 0px !important;padding-right: 50px !important;}&#8220;]<strong>Hochwertiges Buchen-Kantholz nach Ma\u00df f\u00fcr die M\u00f6belindustrie<\/strong><br \/>\nWir fertigen langlebiges und pr\u00e4zise bearbeitetes, vakuumgetrocknetes Buchen-Kantholz \u2013 ideal f\u00fcr M\u00f6bel und anspruchsvolle Tischlerarbeiten. Sonderanfertigungen sind auf Anfrage m\u00f6glich.[\/vc_column_text]<\/div>[\/vc_column_inner][vc_column_inner width=&#8220;1\/3&#8243; css=&#8220;.vc_custom_1491023971233{padding-left: 0px !important;}&#8220;]<div class=\"ult-animation  ult-animate-viewport  ult-no-mobile \" data-animate=\"fadeIn\" data-animation-delay=\"0\" data-animation-duration=\"2\" data-animation-iteration=\"1\" style=\"opacity:0;\" data-opacity_start_effect=\"\">[vc_single_image image=&#8220;10422&#8243; img_size=&#8220;full&#8220; onclick=&#8220;custom_link&#8220; css=&#8220;.vc_custom_1754033720173{margin-bottom: 0px !important;}&#8220; link=&#8220;\/graniaki-bukowe-na-zamowienie\/&#8220;]<\/div>[\/vc_column_inner][\/vc_row_inner][vc_empty_space height=&#8220;30px&#8220;][vc_row_inner equal_height=&#8220;yes&#8220; content_placement=&#8220;middle&#8220; el_class=&#8220;icon-box-display&#8220;][vc_column_inner el_class=&#8220;img-display&#8220; width=&#8220;2\/3&#8243; css=&#8220;.vc_custom_1491023964802{padding-top: 15px !important;padding-right: 0px !important;padding-bottom: 15px !important;}&#8220;]<div class=\"ult-animation  ult-animate-viewport  ult-no-mobile \" data-animate=\"fadeIn\" data-animation-delay=\"0\" data-animation-duration=\"2\" data-animation-iteration=\"1\" style=\"opacity:0;\" data-opacity_start_effect=\"\"><h3 class=\"strong\">Buchen-Brennholz<\/h3>[vc_column_text css=&#8220;.vc_custom_1762434806924{margin-bottom: 0px !important;padding-right: 50px !important;}&#8220;]<strong>Umweltfreundliches Buchen-Brennholz \u2013 saubere und effiziente W\u00e4rme<\/strong><br \/>\nHolzsp\u00e4ne, Bl\u00f6cke und massive Buchenst\u00e4mme \u2013 unser Brennmaterial ist eine effiziente und umweltfreundliche L\u00f6sung f\u00fcr Kamine, \u00d6fen und industrielle Anlagen. Es zeichnet sich durch einen geringen Feuchtigkeitsgehalt und einen hohen Energie\u00adwert aus.[\/vc_column_text]<\/div>[\/vc_column_inner][vc_column_inner width=&#8220;1\/3&#8243; css=&#8220;.vc_custom_1491023971233{padding-left: 0px !important;}&#8220;]<div class=\"ult-animation  ult-animate-viewport  ult-no-mobile \" data-animate=\"fadeIn\" data-animation-delay=\"0\" data-animation-duration=\"2\" data-animation-iteration=\"1\" style=\"opacity:0;\" data-opacity_start_effect=\"\">[vc_single_image image=&#8220;10420&#8243; img_size=&#8220;full&#8220; onclick=&#8220;custom_link&#8220; css=&#8220;.vc_custom_1760103988687{margin-bottom: 0px !important;}&#8220; link=&#8220;\/opal-bukowy-producent\/&#8220;]<\/div>[\/vc_column_inner][\/vc_row_inner][vc_empty_space height=&#8220;30px&#8220;][\/vc_column][vc_column width=&#8220;1\/2&#8243;][vc_row_inner equal_height=&#8220;yes&#8220; content_placement=&#8220;middle&#8220; el_class=&#8220;icon-box-display&#8220;][vc_column_inner el_class=&#8220;img-display&#8220; width=&#8220;2\/3&#8243; css=&#8220;.vc_custom_1491023964802{padding-top: 15px !important;padding-right: 0px !important;padding-bottom: 15px !important;}&#8220;]<div class=\"ult-animation  ult-animate-viewport  ult-no-mobile \" data-animate=\"fadeIn\" data-animation-delay=\"0\" data-animation-duration=\"2\" data-animation-iteration=\"1\" style=\"opacity:0;\" data-opacity_start_effect=\"\"><h3 class=\"strong\">Buchenfriese<\/h3>[vc_column_text css=&#8220;.vc_custom_1762434755516{margin-bottom: 0px !important;padding-right: 50px !important;}&#8220;]<strong>Buchenfriese f\u00fcr M\u00f6bel- und Ausbauelemente<\/strong><br \/>\nWir bieten Buchenfriese in verschiedenen Abmessungen an \u2013 ideal f\u00fcr moderne ebenso wie f\u00fcr klassische Designs. Erh\u00e4ltlich in Standardproduktion oder als Sonderanfertigung nach Ma\u00df.[\/vc_column_text]<\/div>[\/vc_column_inner][vc_column_inner width=&#8220;1\/3&#8243; css=&#8220;.vc_custom_1491023971233{padding-left: 0px !important;}&#8220;]<div class=\"ult-animation  ult-animate-viewport  ult-no-mobile \" data-animate=\"fadeIn\" data-animation-delay=\"0\" data-animation-duration=\"2\" data-animation-iteration=\"1\" style=\"opacity:0;\" data-opacity_start_effect=\"\">[vc_single_image image=&#8220;10418&#8243; img_size=&#8220;full&#8220; onclick=&#8220;custom_link&#8220; css=&#8220;.vc_custom_1760103962232{margin-bottom: 0px !important;}&#8220; link=&#8220;\/fryzy-bukowe-na-zamowienie\/&#8220;]<\/div>[\/vc_column_inner][\/vc_row_inner][vc_empty_space height=&#8220;30px&#8220;][vc_row_inner equal_height=&#8220;yes&#8220; content_placement=&#8220;middle&#8220; el_class=&#8220;icon-box-display&#8220;][vc_column_inner el_class=&#8220;img-display&#8220; width=&#8220;2\/3&#8243; css=&#8220;.vc_custom_1491023964802{padding-top: 15px !important;padding-right: 0px !important;padding-bottom: 15px !important;}&#8220;]<div class=\"ult-animation  ult-animate-viewport  ult-no-mobile \" data-animate=\"fadeIn\" data-animation-delay=\"0\" data-animation-duration=\"2\" data-animation-iteration=\"1\" style=\"opacity:0;\" data-opacity_start_effect=\"\"><h3 class=\"strong\">Liegestuhlgestelle<\/h3>[vc_column_text css=&#8220;.vc_custom_1762434832505{margin-bottom: 0px !important;padding-right: 50px !important;}&#8220;]<strong>Liegestuhlgestelle \u2013 f\u00fcr Hersteller und Werbeunternehmen<\/strong><br \/>\nWir bieten langlebige und optisch ansprechende Liegestuhlgestelle an, wahlweise mit oder ohne Stoffbespannung. Ideal f\u00fcr Unternehmen, die sich auf die Produktion, den Druck oder die Montage von Werbeliegest\u00fchlen spezialisiert haben.[\/vc_column_text]<\/div>[\/vc_column_inner][vc_column_inner width=&#8220;1\/3&#8243; css=&#8220;.vc_custom_1491023971233{padding-left: 0px !important;}&#8220;]<div class=\"ult-animation  ult-animate-viewport  ult-no-mobile \" data-animate=\"fadeIn\" data-animation-delay=\"0\" data-animation-duration=\"2\" data-animation-iteration=\"1\" style=\"opacity:0;\" data-opacity_start_effect=\"\">[vc_single_image image=&#8220;10522&#8243; img_size=&#8220;full&#8220; onclick=&#8220;custom_link&#8220; css=&#8220;.vc_custom_1754298076318{margin-bottom: 0px !important;}&#8220; link=&#8220;#&#8220;]<\/div>[\/vc_column_inner][\/vc_row_inner][vc_empty_space height=&#8220;30px&#8220;][\/vc_column][vc_column][vc_empty_space height=&#8220;15px&#8220;][\/vc_column][\/vc_row][vc_section][vc_row][vc_column]<div class=\"ult-animation  ult-animate-viewport  ult-no-mobile \" data-animate=\"fadeIn\" data-animation-delay=\"0\" data-animation-duration=\"2\" data-animation-iteration=\"1\" style=\"opacity:0;\" data-opacity_start_effect=\"\"><h4>Was wir tun \u2013 <strong>Angebot des Buk-Borek-Betriebs<\/strong><\/h4>[vc_empty_space height=&#8220;10px&#8220;][vc_column_text css=&#8220;&#8220;]<br \/>\nUnser Werk bietet eine breite Palette an Halb- und Fertigprodukten aus Buchenholz f\u00fcr den M\u00f6belbau an. Wir beliefern Gesch\u00e4ftskunden in ganz Polen und im Ausland.<br \/>\n[\/vc_column_text][vc_empty_space height=&#8220;10px&#8220;]<h5>Komponenten <strong>f\u00fcr die M\u00f6belproduktion<\/strong><\/h5>[vc_empty_space height=&#8220;10px&#8220;][vc_column_text css=&#8220;&#8220;]<\/p>\n<ul>\n<li><strong>Buchen-Kantholz<\/strong> \u2013 ideal f\u00fcr gedrehte, gehobelte oder gefr\u00e4ste Elemente. Wir bieten Komponenten in jeder Querschnittsgr\u00f6\u00dfe an, meist vakuumgetrocknet, vierseitig gehobelt, geschliffen und auf Ma\u00df geschnitten.<\/li>\n<li><strong>Buchenfriese<\/strong> \u2013 individuell nach Kundenauftrag gehobelt. Buchenleisten werden h\u00e4ufig in Liegest\u00fchlen, Kinderbetten, Leitern, St\u00fchlen und Tischen verwendet.<\/li>\n<li><strong>Buchen-Leimholzplatten<\/strong> \u2013 Material f\u00fcr M\u00f6belfronten, Treppen sowie konstruktive Elemente von Betten.<\/li>\n<\/ul>\n<p>Unsere Produkte k\u00f6nnen als Halbfertigkomponenten f\u00fcr die M\u00f6belindustrie genutzt werden und unterst\u00fctzen sowohl kleine Tischlereien als auch gro\u00dfe M\u00f6belhersteller.<br \/>\nDie Gr\u00f6\u00dfe und Form jedes Elements werden individuell nach Kundenwunsch gefertigt. Zudem bieten wir Bohren, Fr\u00e4sen und Schleifen des Holzes an.<br \/>\nDar\u00fcber hinaus produzieren wir profilierte, nach Schablonen zugeschnittene Komponenten, <strong>die f\u00fcr St\u00fchle bestimmt sind<\/strong>.[\/vc_column_text]<h5><strong>Akustikelemente<\/strong><\/h5>[vc_empty_space height=&#8220;10px&#8220;][vc_column_text css=&#8220;&#8220;]Wir bieten auch <strong>Akustikelemente<\/strong> an, die Schallwellen streuen und die Raumakustik verbessern. Sie werden nach Auftrag gefertigt \u2013 gem\u00e4\u00df dem Entwurf des Kunden. Form und Abmessungen werden individuell festgelegt.[\/vc_column_text]<\/div>[vc_row_inner][vc_column_inner width=&#8220;1\/6&#8243;][\/vc_column_inner][vc_column_inner width=&#8220;1\/6&#8243;][\/vc_column_inner][vc_column_inner width=&#8220;1\/6&#8243;]<div class=\"ult-animation  ult-animate-viewport  ult-no-mobile \" data-animate=\"bounceIn\" data-animation-delay=\"0\" data-animation-duration=\"2\" data-animation-iteration=\"1\" style=\"opacity:0;\" data-opacity_start_effect=\"\">[vc_single_image image=&#8220;10426&#8243; alignment=&#8220;center&#8220; style=&#8220;vc_box_shadow_3d&#8220; onclick=&#8220;link_image&#8220; css=&#8220;&#8220;]<\/div>[\/vc_column_inner][vc_column_inner width=&#8220;1\/6&#8243;]<div class=\"ult-animation  ult-animate-viewport  ult-no-mobile \" data-animate=\"fadeIn\" data-animation-delay=\"0\" data-animation-duration=\"2\" data-animation-iteration=\"1\" style=\"opacity:0;\" data-opacity_start_effect=\"\">[vc_single_image image=&#8220;10425&#8243; alignment=&#8220;center&#8220; style=&#8220;vc_box_shadow_3d&#8220; onclick=&#8220;link_image&#8220; css=&#8220;&#8220;]<\/div>[\/vc_column_inner][vc_column_inner width=&#8220;1\/6&#8243;][\/vc_column_inner][vc_column_inner width=&#8220;1\/6&#8243;][\/vc_column_inner][\/vc_row_inner]<div class=\"ult-animation  ult-animate-viewport  ult-no-mobile \" data-animate=\"fadeIn\" data-animation-delay=\"0\" data-animation-duration=\"2\" data-animation-iteration=\"1\" style=\"opacity:0;\" data-opacity_start_effect=\"\"><h5><strong>Buchen-Brennholz<\/strong><\/h5>[vc_empty_space height=&#8220;10px&#8220;][vc_column_text css=&#8220;&#8220;]Das in unserem Werk hergestellte Brennholz stammt \u00fcberwiegend aus nachbearbeitetem Rohmaterial, das sich durch hohe Qualit\u00e4t und einen guten Heizwert auszeichnet.<br \/>\nZu den Vorteilen von Buchen-Brennholz geh\u00f6ren:<\/p>\n<ul>\n<li>niedrige Heizkosten,<\/li>\n<li>umweltfreundliches Material, das ausschlie\u00dflich aus nat\u00fcrlichen, erneuerbaren Rohstoffen besteht,<\/li>\n<li>sehr geringer Schwefeldioxidgehalt in den Emissionen,<\/li>\n<li>minimale Ascher\u00fcckst\u00e4nde \u2013 die als D\u00fcnger verwendet werden k\u00f6nnen.<\/li>\n<\/ul>\n<p>[\/vc_column_text]<\/div>[vc_row_inner][vc_column_inner width=&#8220;2\/6&#8243;]<div class=\"ult-animation  ult-animate-viewport  ult-no-mobile \" data-animate=\"fadeIn\" data-animation-delay=\"0\" data-animation-duration=\"2\" data-animation-iteration=\"1\" style=\"opacity:0;\" data-opacity_start_effect=\"\">[vc_empty_space height=&#8220;20px&#8220;][vc_images_carousel images=&#8220;10346&#8243; img_size=&#8220;medium&#8220; hide_pagination_control=&#8220;yes&#8220; hide_prev_next_buttons=&#8220;yes&#8220; css=&#8220;&#8220;]<\/div>[\/vc_column_inner][vc_column_inner width=&#8220;4\/6&#8243;]<div class=\"ult-animation  ult-animate-viewport  ult-no-mobile \" data-animate=\"fadeIn\" data-animation-delay=\"0\" data-animation-duration=\"2\" data-animation-iteration=\"1\" style=\"opacity:0;\" data-opacity_start_effect=\"\"><div class='dt-sc-title with-two-border '><h5>Buchen-Holzsp\u00e4ne<\/h5><\/div>[vc_empty_space height=&#8220;10px&#8220;][vc_column_text css=&#8220;&#8220;]Holzsp\u00e4ne sind eine Form von Biomasse-Brennstoff, der f\u00fcr die Verbrennung in Heizkesseln mit automatischer Brennstoffzufuhr \u2013 \u00e4hnlich wie Pellets \u2013 vorgesehen ist. Sie werden aus hochkalorischem Buchenholz hergestellt.<\/p>\n<p>Hauptvorteile:<\/p>\n<ul>\n<li>geringer Feuchtigkeitsgehalt (12\u201315 %) nach dem Trocknen,<\/li>\n<li>frei von mineralischen Verunreinigungen \u2013 hergestellt aus entrindetem Material,<\/li>\n<li>Heizwert von 16.500 kJ\/kg,<\/li>\n<li>100 % umweltfreundlicher Brennstoff \u2013 eine effektive Alternative zu Pellets.<\/li>\n<\/ul>\n<p>[\/vc_column_text]<\/div>[\/vc_column_inner][\/vc_row_inner][vc_row_inner][vc_column_inner width=&#8220;2\/6&#8243;]<div class=\"ult-animation  ult-animate-viewport  ult-no-mobile \" data-animate=\"fadeIn\" data-animation-delay=\"0\" data-animation-duration=\"2\" data-animation-iteration=\"1\" style=\"opacity:0;\" data-opacity_start_effect=\"\">[vc_images_carousel images=&#8220;10273&#8243; img_size=&#8220;medium&#8220; hide_pagination_control=&#8220;yes&#8220; hide_prev_next_buttons=&#8220;yes&#8220; css=&#8220;&#8220;]<\/div>[\/vc_column_inner][vc_column_inner width=&#8220;4\/6&#8243;]<div class=\"ult-animation  ult-animate-viewport  ult-no-mobile \" data-animate=\"fadeIn\" data-animation-delay=\"0\" data-animation-duration=\"2\" data-animation-iteration=\"1\" style=\"opacity:0;\" data-opacity_start_effect=\"\"><div class='dt-sc-title with-two-border '><h5>Brennholz<\/h5><\/div>[vc_empty_space height=&#8220;10px&#8220;][vc_column_text css=&#8220;&#8220;]Hartholz brennt gleichm\u00e4\u00dfig und erzeugt nur sehr wenig Rauch, wodurch der Kamin sauber bleibt.<\/p>\n<p>Wir bieten Buchenholz in Scheitform (2,5 m\u00b3) an \u2013 ideal zum Heizen in Kaminen, traditionellen \u00d6fen und modernen Zentralheizkesseln. Das Holz muss vor der Verwendung in k\u00fcrzere St\u00fccke geschnitten werden.[\/vc_column_text]<\/div>[\/vc_column_inner][\/vc_row_inner][vc_row_inner][vc_column_inner width=&#8220;2\/6&#8243;]<div class=\"ult-animation  ult-animate-viewport  ult-no-mobile \" data-animate=\"fadeIn\" data-animation-delay=\"0\" data-animation-duration=\"2\" data-animation-iteration=\"1\" style=\"opacity:0;\" data-opacity_start_effect=\"\">[vc_images_carousel images=&#8220;10277&#8243; img_size=&#8220;medium&#8220; hide_pagination_control=&#8220;yes&#8220; hide_prev_next_buttons=&#8220;yes&#8220; css=&#8220;&#8220;]<\/div>[\/vc_column_inner][vc_column_inner width=&#8220;4\/6&#8243;]<div class=\"ult-animation  ult-animate-viewport  ult-no-mobile \" data-animate=\"fadeIn\" data-animation-delay=\"0\" data-animation-duration=\"2\" data-animation-iteration=\"1\" style=\"opacity:0;\" data-opacity_start_effect=\"\"><div class='dt-sc-title with-two-border '><h5>Buchen-Brennbl\u00f6cke<\/h5><\/div>[vc_empty_space height=&#8220;10px&#8220;][vc_column_text css=&#8220;&#8220;]Brennbl\u00f6cke sind Restst\u00fccke, die bei der Herstellung von Buchenfriesen anfallen. Wir empfehlen sie als ideales Anz\u00fcndmaterial f\u00fcr Grills, \u00d6fen, Kamine und Zentralheizkessel. Das Holz ist trocken und muss nicht weiter zugeschnitten werden.[\/vc_column_text]<\/div>[\/vc_column_inner][\/vc_row_inner][vc_row_inner][vc_column_inner]<div class=\"ult-animation  ult-animate-viewport  ult-no-mobile \" data-animate=\"fadeIn\" data-animation-delay=\"0\" data-animation-duration=\"2\" data-animation-iteration=\"1\" style=\"opacity:0;\" data-opacity_start_effect=\"\"><h5><strong>Hartholz-Schnittholz<\/strong><\/h5>[vc_empty_space height=&#8220;10px&#8220;][vc_column_text css=&#8220;&#8220;]Wir bieten Schnittholz aus Buche, Eiche, Esche und Kirsche an \u2013 in Standardabmessungen oder nach Ma\u00df zugeschnitten. Au\u00dferdem liefern wir ged\u00e4mpftes Buchenschnittholz, das durch den D\u00e4mpfprozess eine gleichm\u00e4\u00dfige Farbe erh\u00e4lt, sich leichter verarbeiten l\u00e4sst und weniger zum Verziehen oder Rei\u00dfen neigt.[\/vc_column_text]<\/div>[\/vc_column_inner][\/vc_row_inner][vc_row_inner][vc_column_inner width=&#8220;1\/6&#8243;][\/vc_column_inner][vc_column_inner width=&#8220;1\/6&#8243;]<div class=\"ult-animation  ult-animate-viewport  ult-no-mobile \" data-animate=\"fadeIn\" data-animation-delay=\"0\" data-animation-duration=\"2\" data-animation-iteration=\"1\" style=\"opacity:0;\" data-opacity_start_effect=\"\">[vc_single_image image=&#8220;10456&#8243; alignment=&#8220;center&#8220; style=&#8220;vc_box_shadow_3d&#8220; onclick=&#8220;link_image&#8220; css=&#8220;&#8220;]<\/div>[\/vc_column_inner][vc_column_inner width=&#8220;1\/6&#8243;]<div class=\"ult-animation  ult-animate-viewport  ult-no-mobile \" data-animate=\"fadeIn\" data-animation-delay=\"0\" data-animation-duration=\"2\" data-animation-iteration=\"1\" style=\"opacity:0;\" data-opacity_start_effect=\"\">[vc_single_image image=&#8220;10454&#8243; alignment=&#8220;center&#8220; style=&#8220;vc_box_shadow_3d&#8220; onclick=&#8220;link_image&#8220; css=&#8220;&#8220;]<\/div>[\/vc_column_inner][vc_column_inner width=&#8220;1\/6&#8243;]<div class=\"ult-animation  ult-animate-viewport  ult-no-mobile \" data-animate=\"fadeIn\" data-animation-delay=\"0\" data-animation-duration=\"2\" data-animation-iteration=\"1\" style=\"opacity:0;\" data-opacity_start_effect=\"\">[vc_single_image image=&#8220;10457&#8243; alignment=&#8220;center&#8220; style=&#8220;vc_box_shadow_3d&#8220; onclick=&#8220;link_image&#8220; css=&#8220;&#8220;]<\/div>[\/vc_column_inner][vc_column_inner width=&#8220;1\/6&#8243;]<div class=\"ult-animation  ult-animate-viewport  ult-no-mobile \" data-animate=\"fadeIn\" data-animation-delay=\"0\" data-animation-duration=\"2\" data-animation-iteration=\"1\" style=\"opacity:0;\" data-opacity_start_effect=\"\">[vc_single_image image=&#8220;10453&#8243; alignment=&#8220;center&#8220; style=&#8220;vc_box_shadow_3d&#8220; onclick=&#8220;link_image&#8220; css=&#8220;&#8220;]<\/div>[\/vc_column_inner][vc_column_inner width=&#8220;1\/6&#8243;][\/vc_column_inner][\/vc_row_inner][\/vc_column][vc_column][vc_empty_space height=&#8220;10px&#8220;][\/vc_column][\/vc_row][\/vc_section]<\/p>\n<\/div>","protected":false},"excerpt":{"rendered":"<p>[vc_row full_width=&#8220;default_no_spaces&#8220; equal_height=&#8220;yes&#8220; content_placement=&#8220;middle&#8220; el_class=&#8220;section50 safari-hack&#8220; css=&#8220;.vc_custom_1498280356222{margin-bottom: 7% !important;}&#8220;][vc_column][\/vc_column][vc_column width=&#8220;1\/2&#8243;][vc_row_inner equal_height=&#8220;yes&#8220; content_placement=&#8220;middle&#8220; el_class=&#8220;icon-box-display&#8220;][vc_column_inner el_class=&#8220;img-display img-buk&#8220; width=&#8220;2\/3&#8243; css=&#8220;.vc_custom_1760686917751{padding-top: 15px !important;padding-right: 0px !important;padding-bottom: 15px !important;}&#8220; addstyles=&#8220;background-color: #fff !important;&#8220;][\/vc_column_inner][vc_column_inner width=&#8220;1\/3&#8243; css=&#8220;.vc_custom_1491023971233{padding-left: 0px !important;}&#8220;][\/vc_column_inner][\/vc_row_inner][vc_empty_space height=&#8220;30px&#8220;][vc_row_inner equal_height=&#8220;yes&#8220; content_placement=&#8220;middle&#8220; el_class=&#8220;icon-box-display&#8220;][vc_column_inner el_class=&#8220;img-display&#8220; width=&#8220;2\/3&#8243; css=&#8220;.vc_custom_1491023964802{padding-top: 15px !important;padding-right: 0px !important;padding-bottom: 15px !important;}&#8220;][\/vc_column_inner][vc_column_inner width=&#8220;1\/3&#8243; css=&#8220;.vc_custom_1491023971233{padding-left: 0px !important;}&#8220;][\/vc_column_inner][\/vc_row_inner][vc_empty_space height=&#8220;30px&#8220;][\/vc_column][vc_column width=&#8220;1\/2&#8243;][vc_row_inner equal_height=&#8220;yes&#8220; content_placement=&#8220;middle&#8220; el_class=&#8220;icon-box-display&#8220;][vc_column_inner el_class=&#8220;img-display&#8220; width=&#8220;2\/3&#8243; css=&#8220;.vc_custom_1491023964802{padding-top: [&hellip;]<\/p>\n","protected":false},"author":1,"featured_media":0,"parent":0,"menu_order":0,"comment_status":"closed","ping_status":"closed","template":"","meta":{"footnotes":""},"class_list":["post-8379","page","type-page","status-publish","hentry"],"_links":{"self":[{"href":"https:\/\/buk-borek.pl\/de\/wp-json\/wp\/v2\/pages\/8379","targetHints":{"allow":["GET"]}}],"collection":[{"href":"https:\/\/buk-borek.pl\/de\/wp-json\/wp\/v2\/pages"}],"about":[{"href":"https:\/\/buk-borek.pl\/de\/wp-json\/wp\/v2\/types\/page"}],"author":[{"embeddable":true,"href":"https:\/\/buk-borek.pl\/de\/wp-json\/wp\/v2\/users\/1"}],"replies":[{"embeddable":true,"href":"https:\/\/buk-borek.pl\/de\/wp-json\/wp\/v2\/comments?post=8379"}],"version-history":[{"count":105,"href":"https:\/\/buk-borek.pl\/de\/wp-json\/wp\/v2\/pages\/8379\/revisions"}],"predecessor-version":[{"id":11110,"href":"https:\/\/buk-borek.pl\/de\/wp-json\/wp\/v2\/pages\/8379\/revisions\/11110"}],"wp:attachment":[{"href":"https:\/\/buk-borek.pl\/de\/wp-json\/wp\/v2\/media?parent=8379"}],"curies":[{"name":"wp","href":"https:\/\/api.w.org\/{rel}","templated":true}]}}