{"id":2,"date":"2017-06-02T09:57:30","date_gmt":"2017-06-02T09:57:30","guid":{"rendered":"https:\/\/consultancy.local\/?page_id=2"},"modified":"2025-12-29T13:50:24","modified_gmt":"2025-12-29T13:50:24","slug":"homepage","status":"publish","type":"page","link":"https:\/\/buk-borek.pl\/en\/","title":{"rendered":"HomePage"},"content":{"rendered":"<div class=\"wpb-content-wrapper\"><p>[vc_row equal_height=&#8221;yes&#8221;][vc_column]<div class=\"ult-animation  ult-animate-viewport  ult-no-mobile \" data-animate=\"fadeInUp\" data-animation-delay=\"0\" data-animation-duration=\"2\" data-animation-iteration=\"1\" style=\"opacity:0;\" data-opacity_start_effect=\"\"><div class='dt-sc-title script-with-sub-title '><h2>Our <strong>products<\/strong><\/h2><h5>High-quality beech wood \u2013 square timber, friezes, and firewood<\/h5><\/div><\/div>[\/vc_column][\/vc_row][vc_row equal_height=&#8221;yes&#8221; el_class=&#8221;equal-cards&#8221;][vc_column width=&#8221;1\/3&#8243;]<div class=\"ult-animation  ult-animate-viewport  ult-no-mobile \" data-animate=\"fadeInUp\" data-animation-delay=\"0\" data-animation-duration=\"2\" data-animation-iteration=\"1\" style=\"opacity:0;\" data-opacity_start_effect=\"\"><div class='dt-sc-image-caption type8 product-card'><div class='dt-sc-image-wrapper'><a href=\"https:\/\/buk-borek.brightdove.co.uk\/graniaki-bukowe-na-zamowienie\/\" alt=\"Graniaki Bukowe\" title=\"Graniaki Bukowe\"><img fetchpriority=\"high\" decoding=\"async\" width=\"800\" height=\"534\" src=\"https:\/\/buk-borek.pl\/en\/wp-content\/uploads\/2025\/07\/01-21.jpg\" class=\"attachment-full\" alt=\"Planed beech mouldings\" title=\"Planed mouldings\" srcset=\"https:\/\/buk-borek.pl\/en\/wp-content\/uploads\/2025\/07\/01-21.jpg 800w, https:\/\/buk-borek.pl\/en\/wp-content\/uploads\/2025\/07\/01-21-300x200.jpg 300w, https:\/\/buk-borek.pl\/en\/wp-content\/uploads\/2025\/07\/01-21-768x513.jpg 768w, https:\/\/buk-borek.pl\/en\/wp-content\/uploads\/2025\/07\/01-21-500x334.jpg 500w\" sizes=\"(max-width: 800px) 100vw, 800px\" \/><\/div><\/a><div class='dt-sc-image-content'><div class='dt-sc-image-title'><a href=\"https:\/\/buk-borek.brightdove.co.uk\/graniaki-bukowe-na-zamowienie\/\" alt=\"Graniaki Bukowe\" title=\"Graniaki Bukowe\"><h3>Beech square timber<\/h3><\/a><\/div><p><strong>High-quality beech square timber made to order for the furniture industry<\/strong>\nWe produce durable, precisely machined, and vacuum-dried beech square timber \u2013 perfect for furniture production and carpentry details. Custom orders available.<\/p><\/div><\/div><\/div>[\/vc_column][vc_column width=&#8221;1\/3&#8243;]<div class=\"ult-animation  ult-animate-viewport  ult-no-mobile \" data-animate=\"fadeInUp\" data-animation-delay=\"0\" data-animation-duration=\"2\" data-animation-iteration=\"1\" style=\"opacity:0;\" data-opacity_start_effect=\"\"><div class='dt-sc-image-caption type8 '><div class='dt-sc-image-wrapper'><a href=\"https:\/\/buk-borek.brightdove.co.uk\/fryzy-bukowe-na-zamowienie\/\" alt=\"Fryzy Bukowe Premium od Producenta \u2013 Elegancja i Trwa\u0142o\u015b\u0107 dla Twojego Projektu\" title=\"Fryzy Bukowe Premium od Producenta \u2013 Elegancja i Trwa\u0142o\u015b\u0107 dla Twojego Projektu\"><img decoding=\"async\" width=\"800\" height=\"534\" src=\"https:\/\/buk-borek.pl\/en\/wp-content\/uploads\/2025\/07\/SBG9857.jpg\" class=\"attachment-full\" alt=\"Beech frieze intended for loungers\" title=\"Beech frieze intended for loungers\" srcset=\"https:\/\/buk-borek.pl\/en\/wp-content\/uploads\/2025\/07\/SBG9857.jpg 800w, https:\/\/buk-borek.pl\/en\/wp-content\/uploads\/2025\/07\/SBG9857-300x200.jpg 300w, https:\/\/buk-borek.pl\/en\/wp-content\/uploads\/2025\/07\/SBG9857-768x513.jpg 768w, https:\/\/buk-borek.pl\/en\/wp-content\/uploads\/2025\/07\/SBG9857-500x334.jpg 500w\" sizes=\"(max-width: 800px) 100vw, 800px\" \/><\/div><\/a><div class='dt-sc-image-content'><div class='dt-sc-image-title'><a href=\"https:\/\/buk-borek.brightdove.co.uk\/fryzy-bukowe-na-zamowienie\/\" alt=\"Fryzy Bukowe Premium od Producenta \u2013 Elegancja i Trwa\u0142o\u015b\u0107 dla Twojego Projektu\" title=\"Fryzy Bukowe Premium od Producenta \u2013 Elegancja i Trwa\u0142o\u015b\u0107 dla Twojego Projektu\"><h3>Beech friezes<\/h3><\/a><\/div><p><strong>Beech friezes for furniture and finishing elements<\/strong>\nWe offer beech friezes in various dimensions, available in both standard production and custom orders.<\/p><\/div><\/div><\/div>[\/vc_column][vc_column width=&#8221;1\/3&#8243;]<div class=\"ult-animation  ult-animate-viewport  ult-no-mobile \" data-animate=\"fadeInUp\" data-animation-delay=\"0\" data-animation-duration=\"2\" data-animation-iteration=\"1\" style=\"opacity:0;\" data-opacity_start_effect=\"\"><div class='dt-sc-image-caption type8 '><div class='dt-sc-image-wrapper'><a href=\"https:\/\/buk-borek.brightdove.co.uk\/opal-bukowy-producent\/\" alt=\"Opa\u0142 bukowy\" title=\"Opa\u0142 bukowy\"><img decoding=\"async\" width=\"800\" height=\"534\" src=\"https:\/\/buk-borek.pl\/en\/wp-content\/uploads\/2025\/07\/01-25.jpg\" class=\"attachment-full\" alt=\"Beech firewood planks\" title=\"Firewood planks\" srcset=\"https:\/\/buk-borek.pl\/en\/wp-content\/uploads\/2025\/07\/01-25.jpg 800w, https:\/\/buk-borek.pl\/en\/wp-content\/uploads\/2025\/07\/01-25-300x200.jpg 300w, https:\/\/buk-borek.pl\/en\/wp-content\/uploads\/2025\/07\/01-25-768x513.jpg 768w, https:\/\/buk-borek.pl\/en\/wp-content\/uploads\/2025\/07\/01-25-500x334.jpg 500w\" sizes=\"(max-width: 800px) 100vw, 800px\" \/><\/div><\/a><div class='dt-sc-image-content'><div class='dt-sc-image-title'><a href=\"https:\/\/buk-borek.brightdove.co.uk\/opal-bukowy-producent\/\" alt=\"Opa\u0142 bukowy\" title=\"Opa\u0142 bukowy\"><h3>Beech firewood<\/h3><\/a><\/div><p><strong>Eco-friendly beech firewood \u2013 clean and efficient heating<\/strong>\nWood chips, blocks, and solid beech logs \u2013 our fuel is an efficient and environmentally friendly solution for fireplaces, stoves, and industrial installations.\nLow moisture content and high energy value.<\/p><\/div><\/div><\/div>[\/vc_column][vc_column]<div class=\"ult-spacer spacer-6a073ab032843\" data-id=\"6a073ab032843\" data-height=\"40\" data-height-mobile=\"40\" data-height-tab=\"40\" data-height-tab-portrait=\"\" data-height-mobile-landscape=\"\" style=\"clear:both;display:block;\"><\/div>[\/vc_column][\/vc_row][vc_row full_width=&#8221;stretch_row&#8221; el_class=&#8221;bannar-secondary&#8221;][vc_column]<div class=\"ult-animation  ult-animate-viewport  ult-no-mobile \" data-animate=\"fadeInUp\" data-animation-delay=\"0\" data-animation-duration=\"2\" data-animation-iteration=\"1\" style=\"opacity:0;\" data-opacity_start_effect=\"\">[vc_raw_html css=&#8221;&#8221;]JTNDZGl2JTIwY2xhc3MlM0QlMjJkZWNrY2hhaXItc2VjdGlvbiUyMiUzRSUwRCUwQSUyMCUyMCUzQ2RpdiUyMGNsYXNzJTNEJTIyZGVja2NoYWlyLWltYWdlJTIyJTNFJTBEJTBBJTIwJTIwJTIwJTIwJTNDaW1nJTIwc3JjJTNEJTIyJTJGd3AtY29udGVudCUyRnVwbG9hZHMlMkYyMDI1JTJGMDglMkZJTUctMjAyNTA3MzEtV0EwMDAxLmpwZyUyMiUyMGFsdCUzRCUyMkFkdmVydGlzaW5nJTIwZGVja2NoYWlycyUyMEJ1ay1Cb3JlayUyMiUzRSUwRCUwQSUyMCUyMCUzQyUyRmRpdiUzRSUwRCUwQSUyMCUyMCUzQ2RpdiUyMGNsYXNzJTNEJTIyZGVja2NoYWlyLXRleHQlMjBmcmFtZWQlMjIlM0UlMEQlMEElMjAlMjAlMjAlMjAlM0NoMiUzRUFkdmVydGlzaW5nJTIwZGVja2NoYWlycyUyMGZvciUyMGFnZW5jaWVzJTIwYW5kJTIwZXZlbnRzJTNDJTJGaDIlM0UlMEQlMEElMjAlMjAlMjAlMjAlM0NwJTNFJTBEJTBBJTIwJTIwJTIwJTIwJTIwJTIwV2UlMjBwcm9kdWNlJTIwZHVyYWJsZSUyMGJlZWNoJTIwd29vZCUyMGRlY2tjaGFpcnMlMjB3aXRoJTIwdGhlJTIwb3B0aW9uJTIwdG8lMjBwcmludCUyMHlvdXIlMjBsb2dvJTIwb3IlMjBwcm9tb3Rpb25hbCUyMGdyYXBoaWNzLiUwRCUwQSUyMCUyMCUyMCUyMCUyMCUyME91ciUyMHByb2R1Y3RzJTIwYXJlJTIwd2lkZWx5JTIwdXNlZCUyMGJ5JTIwYWR2ZXJ0aXNpbmclMjBhZ2VuY2llcyUyQyUyMGV2ZW50JTIwb3JnYW5pemVycyUyQyUyMGFuZCUyMGNvbXBhbmllcyUyMHByb21vdGluZyUyMHRoZWlyJTIwYnJhbmRzJTIwb3V0ZG9vcnMuJTBEJTBBJTIwJTIwJTIwJTIwJTIwJTIwV2UlMjBoYW5kbGUlMjBib3RoJTIwYnVsayUyMGFuZCUyMGluZGl2aWR1YWwlMjBvcmRlcnMlMjAlRTIlODAlOTMlMjBhbHdheXMlMjBvbiUyMHRpbWUlMjBhbmQlMjB3aXRoJTIwZ3JlYXQlMjBhdHRlbnRpb24lMjB0byUyMHF1YWxpdHkuJTBEJTBBJTIwJTIwJTIwJTIwJTNDJTJGcCUzRSUwRCUwQSUyMCUyMCUyMCUyMCUzQ2ElMjBocmVmJTNEJTIyJTJGY29udGFjdCUyMiUyMGNsYXNzJTNEJTIyYnRuLXByaW1hcnklMjIlM0VDb250YWN0JTIwdXMlM0MlMkZhJTNFJTBEJTBBJTIwJTIwJTNDJTJGZGl2JTNFJTBEJTBBJTNDJTJGZGl2JTNFJTBEJTBB[\/vc_raw_html]<\/div>[\/vc_column][\/vc_row][vc_row][vc_column]<div class=\"ult-spacer spacer-6a073ab03289f\" data-id=\"6a073ab03289f\" data-height=\"60\" data-height-mobile=\"60\" data-height-tab=\"60\" data-height-tab-portrait=\"\" data-height-mobile-landscape=\"\" style=\"clear:both;display:block;\"><\/div><div class=\"ult-animation  ult-animate-viewport  ult-no-mobile \" data-animate=\"fadeInUp\" data-animation-delay=\"0\" data-animation-duration=\"2\" data-animation-iteration=\"1\" style=\"opacity:0;\" data-opacity_start_effect=\"\"><div class='dt-sc-title script-with-sub-title '><h2>See <strong>how we work<\/strong><\/h2><h5>Production of deckchairs and beech components in practice.<\/h5><\/div><\/div>[\/vc_column][vc_column width=&#8221;1\/2&#8243;]<div class=\"ult-animation  ult-animate-viewport  ult-no-mobile \" data-animate=\"fadeInUp\" data-animation-delay=\"0\" data-animation-duration=\"2\" data-animation-iteration=\"1\" style=\"opacity:0;\" data-opacity_start_effect=\"\">[vc_column_text css=&#8221;&#8221;]    <video-js id=\"videojs6a073ab032992\" class=\"vjs-big-play-centered\" controls preload=\"auto\" loop muted playsinline data-setup='{\"fluid\": true}'>\r\n        <source src=\"https:\/\/buk-borek.pl\/wp-content\/uploads\/2025\/10\/VID-20251002-WA0005.mp4\" type=\"video\/mp4\" \/>\r\n    <\/video-js>\r\n           [\/vc_column_text]<\/div>[\/vc_column][vc_column width=&#8221;1\/2&#8243;]<div class=\"ult-animation  ult-animate-viewport  ult-no-mobile \" data-animate=\"fadeInUp\" data-animation-delay=\"0\" data-animation-duration=\"2\" data-animation-iteration=\"1\" style=\"opacity:0;\" data-opacity_start_effect=\"\">[vc_column_text css=&#8221;&#8221;]    <video-js id=\"videojs6a073ab0329e2\" class=\"vjs-big-play-centered\" controls preload=\"auto\" loop muted playsinline data-setup='{\"fluid\": true}'>\r\n        <source src=\"https:\/\/buk-borek.pl\/wp-content\/uploads\/2025\/10\/VID-20251002-WA0002.mp4\" type=\"video\/mp4\" \/>\r\n    <\/video-js>\r\n           [\/vc_column_text]<\/div>[\/vc_column][\/vc_row][vc_row][vc_column]<div class=\"ult-spacer spacer-6a073ab0329ed\" data-id=\"6a073ab0329ed\" data-height=\"60\" data-height-mobile=\"60\" data-height-tab=\"60\" data-height-tab-portrait=\"\" data-height-mobile-landscape=\"\" style=\"clear:both;display:block;\"><\/div><div class=\"ult-animation  ult-animate-viewport  ult-no-mobile \" data-animate=\"fadeInUp\" data-animation-delay=\"0\" data-animation-duration=\"2\" data-animation-iteration=\"1\" style=\"opacity:0;\" data-opacity_start_effect=\"\"><div class='dt-sc-title script-with-sub-title '><h2>Do you have any questions or <strong>want to place an order?<\/strong><\/h2><h5>Contact us \u2013 we\u2019ll respond quickly and prepare a personalized offer.<\/h5><\/div><\/div>[\/vc_column][\/vc_row][vc_row full_width=&#8221;stretch_row&#8221; equal_height=&#8221;yes&#8221; video_bg=&#8221;yes&#8221; video_bg_url=&#8221;&#8221; css=&#8221;.vc_custom_1760099689563{border-radius: 4px !important;}&#8221; el_class=&#8221;contact-section&#8221;][vc_column width=&#8221;1\/2&#8243;]<div class=\"ult-animation  ult-animate-viewport  ult-no-mobile \" data-animate=\"fadeInUp\" data-animation-delay=\"0\" data-animation-duration=\"2\" data-animation-iteration=\"1\" style=\"opacity:0;\" data-opacity_start_effect=\"\">[vc_raw_html css=&#8221;&#8221;]JTNDZGl2JTIwY2xhc3MlM0QlMjJjb250YWN0LWRldGFpbHMlMjIlM0UlMEQlMEElMjAlMjAlM0NoMyUzRUJ1ay1Cb3JlayUyMFdvb2QlMjBQcm9jZXNzaW5nJTIwUGxhbnQlM0MlMkZoMyUzRSUwRCUwQSUyMCUyMCUzQ3AlM0UyJTIwUHJ6ZW15cyVDNSU4Mm93YSUyMFN0cmVldCUzQ2JyJTNFJTBEJTBBJTIwJTIwMzQtNDQwJTIwS2x1c3prb3djZSUzQyUyRnAlM0UlMEQlMEElMEQlMEElMjAlMjAlM0NwJTNFJTBEJTBBJTIwJTIwJTIwJTIwJTNDaSUyMGNsYXNzJTNEJTIyZmFzJTIwZmEtcGhvbmUlMjIlM0UlM0MlMkZpJTNFJTBEJTBBJTIwJTIwJTIwJTIwJTNDYSUyMGhyZWYlM0QlMjJ0ZWwlM0ElMkI0ODE4MjY0MTM0NyUyMiUzRSUyQjQ4JTIwMTglMjAyNjQlMjAxMyUyMDQ3JTNDJTJGYSUzRSUzQ2JyJTNFJTBEJTBBJTIwJTIwJTIwJTIwJTNDaSUyMGNsYXNzJTNEJTIyZmFzJTIwZmEtZW52ZWxvcGUlMjIlM0UlM0MlMkZpJTNFJTBEJTBBJTIwJTIwJTIwJTIwJTNDYSUyMGhyZWYlM0QlMjJtYWlsdG8lM0FiaXVybyU0MGJ1ay1ib3Jlay5wbCUyMiUzRWJpdXJvJTQwYnVrLWJvcmVrLnBsJTNDJTJGYSUzRSUwRCUwQSUyMCUyMCUzQyUyRnAlM0UlMEQlMEElM0NiciUzRSUwRCUwQSUyMCUyMCUzQ3AlM0UlMEQlMEElMjAlMjAlMjAlMjAlM0NzdHJvbmclM0VUZWNobm9sb2dpc3QlMjAlRTIlODAlOTMlMjBPcmRlciUyMEZ1bGZpbGxtZW50JTJDJTIwU2FsZXMlMkMlMjBhbmQlMjBUZWNobmljYWwlMjBDb25zdWx0aW5nJTIwRGVwYXJ0bWVudCUzQSUzQyUyRnN0cm9uZyUzRSUzQ2JyJTNFJTBEJTBBJTIwJTIwJTIwJTIwQW5kcnplaiUyMEtsaW1jemFrJTNDYnIlM0UlMEQlMEElMjAlMjAlMjAlMjAlM0NpJTIwY2xhc3MlM0QlMjJmYXMlMjBmYS1waG9uZSUyMiUzRSUzQyUyRmklM0UlMEQlMEElMjAlMjAlMjAlMjAlM0NhJTIwaHJlZiUzRCUyMnRlbCUzQSUyQjQ4NTEzNzMxMTA3JTIyJTNFJTJCNDglMjA1MTMlMjA3MzElMjAxMDclM0MlMkZhJTNFJTNDYnIlM0UlMEQlMEElMjAlMjAlMjAlMjAlM0NpJTIwY2xhc3MlM0QlMjJmYXMlMjBmYS1lbnZlbG9wZSUyMiUzRSUzQyUyRmklM0UlMEQlMEElMjAlMjAlMjAlMjAlM0NhJTIwaHJlZiUzRCUyMm1haWx0byUzQWFuZHJ6ZWoua2xpbWN6YWslNDBidWstYm9yZWsucGwlMjIlM0VhbmRyemVqLmtsaW1jemFrJTQwYnVrLWJvcmVrLnBsJTNDJTJGYSUzRSUwRCUwQSUyMCUyMCUzQyUyRnAlM0UlMEQlMEElMjAlMjAlM0NiciUzRSUyMCUwRCUwQSUzQyUyRmRpdiUzRSUwRCUwQQ==[\/vc_raw_html]<\/div>[\/vc_column][vc_column width=&#8221;1\/2&#8243;]<div class=\"ult-animation  ult-animate-viewport  ult-no-mobile \" data-animate=\"fadeInUp\" data-animation-delay=\"0\" data-animation-duration=\"2\" data-animation-iteration=\"1\" style=\"opacity:0;\" data-opacity_start_effect=\"\">\n<div class=\"wpcf7 no-js\" id=\"wpcf7-f8442-o1\" lang=\"en-US\" dir=\"ltr\" data-wpcf7-id=\"8442\">\n<div class=\"screen-reader-response\"><p role=\"status\" aria-live=\"polite\" aria-atomic=\"true\"><\/p> <ul><\/ul><\/div>\n<form action=\"\/en\/wp-json\/wp\/v2\/pages\/2#wpcf7-f8442-o1\" method=\"post\" class=\"wpcf7-form init\" aria-label=\"Contact form\" novalidate=\"novalidate\" data-status=\"init\">\n<fieldset class=\"hidden-fields-container\"><input type=\"hidden\" name=\"_wpcf7\" value=\"8442\" \/><input type=\"hidden\" name=\"_wpcf7_version\" value=\"6.1\" \/><input type=\"hidden\" name=\"_wpcf7_locale\" value=\"en_US\" \/><input type=\"hidden\" name=\"_wpcf7_unit_tag\" value=\"wpcf7-f8442-o1\" \/><input type=\"hidden\" name=\"_wpcf7_container_post\" value=\"0\" \/><input type=\"hidden\" name=\"_wpcf7_posted_data_hash\" value=\"\" \/>\n<\/fieldset>\n<p>[vc_row]<br \/>\n[vc_column width=\"1\/1\"]<br \/>\n<span class=\"wpcf7-form-control-wrap\" data-name=\"first-name\"><input size=\"40\" maxlength=\"400\" class=\"wpcf7-form-control wpcf7-text wpcf7-validates-as-required\" aria-required=\"true\" aria-invalid=\"false\" placeholder=\"Full name*\" value=\"\" type=\"text\" name=\"first-name\" \/><\/span><br \/>\n[\/vc_column]<br \/>\n[\/vc_row]\n<\/p>\n<p>[vc_row]<br \/>\n[vc_column width=\"1\/1\"]<br \/>\n<span class=\"wpcf7-form-control-wrap\" data-name=\"your-email\"><input size=\"40\" maxlength=\"400\" class=\"wpcf7-form-control wpcf7-email wpcf7-validates-as-required wpcf7-text wpcf7-validates-as-email\" aria-required=\"true\" aria-invalid=\"false\" placeholder=\"Email address*\" value=\"\" type=\"email\" name=\"your-email\" \/><\/span><br \/>\n[\/vc_column]<br \/>\n[\/vc_row]\n<\/p>\n<p>[vc_row]<br \/>\n[vc_column width=\"1\/1\"]<br \/>\n<span class=\"wpcf7-form-control-wrap\" data-name=\"your-phone\"><input size=\"40\" maxlength=\"400\" class=\"wpcf7-form-control wpcf7-tel wpcf7-text wpcf7-validates-as-tel\" aria-invalid=\"false\" placeholder=\"Phone number\" value=\"\" type=\"tel\" name=\"your-phone\" \/><\/span><br \/>\n[\/vc_column]<br \/>\n[\/vc_row]\n<\/p>\n<p>[vc_row]<br \/>\n[vc_column width=\"1\/1\"]<br \/>\n<span class=\"wpcf7-form-control-wrap\" data-name=\"subject\"><input size=\"40\" maxlength=\"400\" class=\"wpcf7-form-control wpcf7-text\" aria-invalid=\"false\" placeholder=\"Subject\" value=\"\" type=\"text\" name=\"subject\" \/><\/span><br \/>\n[\/vc_column]<br \/>\n[\/vc_row]\n<\/p>\n<p>[vc_row]<br \/>\n[vc_column width=\"1\/1\"]<br \/>\n<span class=\"wpcf7-form-control-wrap\" data-name=\"your-message\"><textarea cols=\"40\" rows=\"10\" maxlength=\"2000\" class=\"wpcf7-form-control wpcf7-textarea\" aria-invalid=\"false\" placeholder=\"Message\" name=\"your-message\"><\/textarea><\/span><br \/>\n<div class=\"wpcf7-turnstile cf-turnstile\" data-sitekey=\"0x4AAAAAACJm0XbawoYDzUFu\" data-response-field-name=\"_wpcf7_turnstile_response\"><\/div><br \/>\n[\/vc_column]<br \/>\n[\/vc_row]\n<\/p>\n<p>[vc_row]<br \/>\n[vc_column width=\"1\/1\"]<br \/>\n[vc_empty_space height=\"20px\"]<br \/>\n<input class=\"wpcf7-form-control wpcf7-submit has-spinner\" type=\"submit\" value=\"Send\" \/><br \/>\n[\/vc_column]<br \/>\n[\/vc_row]\n<\/p><div class=\"wpcf7-response-output\" aria-hidden=\"true\"><\/div>\n<\/form>\n<\/div>\n<\/div>[\/vc_column][\/vc_row][vc_row full_width=&#8221;stretch_row_content&#8221;][vc_column]<div class=\"ult-spacer spacer-6a073ab0335a8\" data-id=\"6a073ab0335a8\" data-height=\"60\" data-height-mobile=\"60\" data-height-tab=\"60\" data-height-tab-portrait=\"\" data-height-mobile-landscape=\"\" style=\"clear:both;display:block;\"><\/div><div class=\"ult-animation  ult-animate-viewport  ult-no-mobile \" data-animate=\"fadeInUp\" data-animation-delay=\"0\" data-animation-duration=\"2\" data-animation-iteration=\"1\" style=\"opacity:0;\" data-opacity_start_effect=\"\"><div id='wrap_map_6a073ab033638' class='ultimate-map-wrapper ult-adjust-bottom-margin ' style=' height:300px;'><div id='map_6a073ab033638' data-map_override='0' class='ultimate_google_map wpb_content_element 0' style='width:100%;height:300px;'><\/div><\/div><script type='text\/javascript'>\n\t\t\t(function($) {\n  \t\t\t'use strict';\n\t\t\tvar map_map_6a073ab033638 = null;\n\t\t\tvar coordinate_map_6a073ab033638;\n\t\t\tvar isDraggable = $(document).width() > 641 ? 'true' : 'true';\n\t\t\ttry\n\t\t\t{\n\t\t\t\tvar map_map_6a073ab033638 = null;\n\t\t\t\tvar coordinate_map_6a073ab033638;\n\t\t\t\tcoordinate_map_6a073ab033638 = new google.maps.LatLng(49.455219763409, 20.295275708409);\n\t\t\t\tvar mapOptions=\n\t\t\t\t{\n\t\t\t\t\tzoom: 11,\n\t\t\t\t\tcenter: coordinate_map_6a073ab033638,\n\t\t\t\t\tscaleControl: true,\n\t\t\t\t\tstreetViewControl: false,\n\t\t\t\t\tmapTypeControl: false,\n\t\t\t\t\tpanControl: false,\n\t\t\t\t\tzoomControl: false,\n\t\t\t\t\tscrollwheel: false,\n\t\t\t\t\tdraggable: isDraggable,\n\t\t\t\t\tzoomControlOptions: {\n\t\t\t\t\t\tposition: google.maps.ControlPosition.right_bottom\n\t\t\t\t\t},mapTypeId: google.maps.MapTypeId.roadmap,};var map_map_6a073ab033638 = new google.maps.Map(document.getElementById('map_6a073ab033638'),mapOptions);\n\t\t\t\t\t\tvar x = 'infowindow_open_value';\n\t\t\t\t\t\tvar marker_map_6a073ab033638 = new google.maps.Marker({\n\t\t\t\t\t\tposition: new google.maps.LatLng('49.455219763409', '20.295275708409'),\n\t\t\t\t\t\tanimation:  google.maps.Animation.DROP,\n\t\t\t\t\t\tmap: map_map_6a073ab033638,\n\t\t\t\t\t\ticon: ''\n\t\t\t\t\t});\tgoogle.maps.event.addListener(marker_map_6a073ab033638, 'click', toggleBounce);}\n\t\t\tcatch(e){};\n\t\t\tjQuery(document).ready(function($){\n\t\t\t\tgoogle.maps.event.trigger(map_map_6a073ab033638, 'resize');\n\t\t\t\t$(window).on('resize', function(){\n\t\t\t\t\tgoogle.maps.event.trigger(map_map_6a073ab033638, 'resize');\n\t\t\t\t\tif(map_map_6a073ab033638!=null)\n\t\t\t\t\t\tmap_map_6a073ab033638.setCenter(coordinate_map_6a073ab033638);\n\t\t\t\t});\n\t\t\t\t$('.ui-tabs').on('tabsactivate', function(event, ui) {\n\t\t\t\t   if($(this).find('.ultimate-map-wrapper').length > 0)\n\t\t\t\t\t{\n\t\t\t\t\t\tsetTimeout(function(){\n\t\t\t\t\t\t\t$(window).trigger('resize');\n\t\t\t\t\t\t},200);\n\t\t\t\t\t}\n\t\t\t\t});\n\t\t\t\t$('.ui-accordion').on('accordionactivate', function(event, ui) {\n\t\t\t\t   if($(this).find('.ultimate-map-wrapper').length > 0)\n\t\t\t\t\t{\n\t\t\t\t\t\tsetTimeout(function(){\n\t\t\t\t\t\t\t$(window).trigger('resize');\n\t\t\t\t\t\t},200);\n\t\t\t\t\t}\n\t\t\t\t});\n\t\t\t\t$(window).on('load',function(){\n\t\t\t\t\tsetTimeout(function(){\n\t\t\t\t\t\t$(window).trigger('resize');\n\t\t\t\t\t},200);\n\t\t\t\t});\n\t\t\t\t$('.ult_exp_section').on('select', function(){\n\t\t\t\t\tif($(map_map_6a073ab033638).parents('.ult_exp_section'))\n\t\t\t\t\t{\n\t\t\t\t\t\tsetTimeout(function(){\n\t\t\t\t\t\t\t$(window).trigger('resize');\n\t\t\t\t\t\t},200);\n\t\t\t\t\t}\n\t\t\t\t});\n\t\t\t\t$(document).on('onUVCModalPopupOpen', function(){\n\t\t\t\t\tif($(map_map_6a073ab033638).parents('.ult_modal-content'))\n\t\t\t\t\t{\n\t\t\t\t\t\tsetTimeout(function(){\n\t\t\t\t\t\t\t$(window).trigger('resize');\n\t\t\t\t\t\t},200);\n\t\t\t\t\t}\n\t\t\t\t});\n\t\t\t\t$(document).on('click','.ult_tab_li',function(){\n\t\t\t\t\t$(window).trigger('resize');\n\t\t\t\t\tsetTimeout(function(){\n\t\t\t\t\t\t$(window).trigger('resize');\n\t\t\t\t\t},200);\n\t\t\t\t});\n\t\t\t});\n\t\t\tfunction toggleBounce() {\n\t\t\t  if (marker_map_6a073ab033638.getAnimation() != null) {\n\t\t\t\tmarker_map_6a073ab033638.setAnimation(null);\n\t\t\t  } else {\n\t\t\t\tmarker_map_6a073ab033638.setAnimation(google.maps.Animation.BOUNCE);\n\t\t\t  }\n\t\t\t}\n\t\t\t})(jQuery);\n\t\t\t<\/script><\/div><div class=\"ult-spacer spacer-6a073ab033677\" data-id=\"6a073ab033677\" data-height=\"60\" data-height-mobile=\"60\" data-height-tab=\"60\" data-height-tab-portrait=\"\" data-height-mobile-landscape=\"\" style=\"clear:both;display:block;\"><\/div>[\/vc_column][\/vc_row]<\/p>\n<\/div>","protected":false},"excerpt":{"rendered":"<p>[vc_row equal_height=&#8221;yes&#8221;][vc_column][\/vc_column][\/vc_row][vc_row equal_height=&#8221;yes&#8221; el_class=&#8221;equal-cards&#8221;][vc_column width=&#8221;1\/3&#8243;][\/vc_column][vc_column width=&#8221;1\/3&#8243;][\/vc_column][vc_column width=&#8221;1\/3&#8243;][\/vc_column][vc_column][\/vc_column][\/vc_row][vc_row full_width=&#8221;stretch_row&#8221; el_class=&#8221;bannar-secondary&#8221;][vc_column][\/vc_column][\/vc_row][vc_row][vc_column][\/vc_column][vc_column width=&#8221;1\/2&#8243;][\/vc_column][vc_column width=&#8221;1\/2&#8243;][\/vc_column][\/vc_row][vc_row][vc_column][\/vc_column][\/vc_row][vc_row full_width=&#8221;stretch_row&#8221; equal_height=&#8221;yes&#8221; video_bg=&#8221;yes&#8221; video_bg_url=&#8221;&#8221; css=&#8221;.vc_custom_1760099689563{border-radius: 4px !important;}&#8221; el_class=&#8221;contact-section&#8221;][vc_column width=&#8221;1\/2&#8243;][\/vc_column][vc_column width=&#8221;1\/2&#8243;][\/vc_column][\/vc_row][vc_row full_width=&#8221;stretch_row_content&#8221;][vc_column][\/vc_column][\/vc_row]<\/p>\n","protected":false},"author":1,"featured_media":0,"parent":0,"menu_order":0,"comment_status":"closed","ping_status":"open","template":"","meta":{"footnotes":""},"class_list":["post-2","page","type-page","status-publish","hentry"],"_links":{"self":[{"href":"https:\/\/buk-borek.pl\/en\/wp-json\/wp\/v2\/pages\/2","targetHints":{"allow":["GET"]}}],"collection":[{"href":"https:\/\/buk-borek.pl\/en\/wp-json\/wp\/v2\/pages"}],"about":[{"href":"https:\/\/buk-borek.pl\/en\/wp-json\/wp\/v2\/types\/page"}],"author":[{"embeddable":true,"href":"https:\/\/buk-borek.pl\/en\/wp-json\/wp\/v2\/users\/1"}],"replies":[{"embeddable":true,"href":"https:\/\/buk-borek.pl\/en\/wp-json\/wp\/v2\/comments?post=2"}],"version-history":[{"count":97,"href":"https:\/\/buk-borek.pl\/en\/wp-json\/wp\/v2\/pages\/2\/revisions"}],"predecessor-version":[{"id":11100,"href":"https:\/\/buk-borek.pl\/en\/wp-json\/wp\/v2\/pages\/2\/revisions\/11100"}],"wp:attachment":[{"href":"https:\/\/buk-borek.pl\/en\/wp-json\/wp\/v2\/media?parent=2"}],"curies":[{"name":"wp","href":"https:\/\/api.w.org\/{rel}","templated":true}]}}